{"id":6895,"date":"2025-06-06T10:31:12","date_gmt":"2025-06-06T14:31:12","guid":{"rendered":"https:\/\/www.hispaniccounseling.org\/testimonios\/"},"modified":"2025-06-18T03:29:55","modified_gmt":"2025-06-18T07:29:55","slug":"testimonios","status":"publish","type":"page","link":"https:\/\/www.hispaniccounseling.org\/es\/testimonios\/","title":{"rendered":"Testimonios"},"content":{"rendered":"<div class=\"wpb-content-wrapper\"><p>[vc_row full_width=\u00bbstretch_row\u00bb el_class=\u00bbpage-title\u00bb][vc_column][vc_column_text css=\u00bb\u00bb]<\/p>\n<h1 style=\"text-align: center;\">Testimonios<\/h1>\n<p>[\/vc_column_text][\/vc_column][\/vc_row][vc_row full_width=\u00bbstretch_row_content\u00bb bg_type=\u00bbimage\u00bb parallax_style=\u00bbvcpb-default\u00bb bg_image_new=\u00bbid^5538|url^https:\/\/www.hispaniccounseling.org\/wp-content\/uploads\/2025\/01\/sq-bg-cover.png|caption^null|alt^null|title^sq-bg-cover|description^null\u00bb bg_img_attach=\u00bbfixed\u00bb bg_override=\u00bbfull\u00bb css=\u00bb.vc_custom_1749225054780{background-color: #FFFFFF !important;background-position: 0 0 !important;background-repeat: repeat !important;}\u00bb el_class=\u00bbtestimonials\u00bb][vc_column][vc_row_inner el_class=\u00bbback-graphic\u00bb][vc_column_inner width=\u00bb1\/6&#8243;][\/vc_column_inner][vc_column_inner el_class=\u00bbtestimonial\u00bb width=\u00bb2\/3&#8243;]<div id=\"ult-carousel-228492094269de1dfce2b22\" class=\"ult-carousel-wrapper   ult_horizontal\" data-gutter=\"15\" data-rtl=\"false\" ><div class=\"ult-carousel-1910251269de1dfce2999 \" ><div class=\"ult-item-wrap\" data-animation=\"animated fadeInLeft\"><div class=\"blockquote\"><span class=\"mfn-blockquote-icon\"><i class=\"icon-quote\" aria-hidden=\"true\"><\/i><\/span><blockquote class=\"mfn-inline-editor\">\u201cMe encanta poder contar con los servicios de apoyo a la coordinaci\u00f3n de cuidados. La coordinaci\u00f3n de cuidados en el centro de orientaci\u00f3n hispano me ha ayudado al conseguir informaci\u00f3n educativa sobre recursos de salud y bienestar y acceso a programas comunitarios. Siento alivio al saber que puedo asegurar la comida, el transporte de Medicaid y no faltar a mis citas m\u00e9dicas. Tambi\u00e9n puedo llamar en cualquier momento y encontrar ayuda con las solicitudes de asistencia p\u00fablica. Una persona con barreras ling\u00fc\u00edsticas puede encontrar consuelo en la coordinaci\u00f3n de cuidados. Gracias HCC- Programa de Coordinaci\u00f3n de Cuidados\u201d.<\/blockquote><p class=\"author\"><i class=\"icon-user\"><\/i><span>Carmen F.<\/span><\/p><\/div>\n<\/div><div class=\"ult-item-wrap\" data-animation=\"animated fadeInLeft\"><div class=\"blockquote\"><span class=\"mfn-blockquote-icon\"><i class=\"icon-quote\" aria-hidden=\"true\"><\/i><\/span><blockquote class=\"mfn-inline-editor\">\u201cMi vida ha cambiado de verdad. Ahora veo las cosas desde otra perspectiva. En el grupo de DV cada caso es diferente, pero todos tenemos el mismo problema. Esperaba con impaciencia las sesiones semanales porque me daban la oportunidad de compartir mi situaci\u00f3n con los miembros del grupo y encontrar soluciones a los problemas que yo, y los dem\u00e1s miembros del grupo, est\u00e1bamos experimentando.\u201d<\/blockquote><p class=\"author\"><i class=\"icon-user\"><\/i><span>G. L\u00f3pez<\/span><\/p><\/div>\n<\/div><div class=\"ult-item-wrap\" data-animation=\"animated fadeInLeft\"><div class=\"blockquote\"><span class=\"mfn-blockquote-icon\"><i class=\"icon-quote\" aria-hidden=\"true\"><\/i><\/span><blockquote class=\"mfn-inline-editor\">\u201cSer cliente de HCC ha trascendido la din\u00e1mica convencional terapeuta-cliente; se ha convertido en una relaci\u00f3n en la que no s\u00f3lo recibo un valioso apoyo, sino que tambi\u00e9n incorporo activamente las lecciones aprendidas a mi propia vida. En general, mi viaje de tres a\u00f1os con el HCC ha sido una experiencia de aprendizaje en la que contin\u00fao. Recomiendo el Centro Hispano de Asesoramiento a todos mis seres queridos y a todo el mundo, todos necesitamos terapia. Rompe el estigma. Buscar ayuda para uno mismo es un tremendo acto de amor propio para uno. Mientras contin\u00fao este viaje terap\u00e9utico, estoy agradecida por el apoyo, el crecimiento y la resiliencia que me ha infundido, fomentando una nueva y empoderadora sensaci\u00f3n de bienestar.\u201d<\/blockquote><\/div>\n<\/div><div class=\"ult-item-wrap\" data-animation=\"animated fadeInLeft\"><div class=\"blockquote\"><span class=\"mfn-blockquote-icon\"><i class=\"icon-quote\" aria-hidden=\"true\"><\/i><\/span><blockquote class=\"mfn-inline-editor\">\u201cEste programa me ha ayudado a ser mejor persona. Antes siempre me juntaba con la gente equivocada, y ahora me gusta ir a la escuela y al programa extraescolar del Centro Hispano de Asesoramiento.\u201d<br \/>\n<\/blockquote><\/div>\n<\/div><div class=\"ult-item-wrap\" data-animation=\"animated fadeInLeft\"><div class=\"blockquote\"><span class=\"mfn-blockquote-icon\"><i class=\"icon-quote\" aria-hidden=\"true\"><\/i><\/span><blockquote class=\"mfn-inline-editor\">\u201cBuenas tardes, quiero compartir mi testimonio para ayudar a las personas que no conocen este programa. La Iniciativa Regional de Servicios de Apoyo es un programa que me ayud\u00f3 cuando m\u00e1s lo necesitaba; el personal me ayud\u00f3 con comida y ropa para mis hijos, me ayud\u00f3 a comprender la importancia de hacerme las pruebas y me ayud\u00f3 con la PrEP, que son pastillas para evitar enfermedades.\u201d<\/blockquote><\/div>\n<\/div><div class=\"ult-item-wrap\" data-animation=\"animated fadeInLeft\"><div class=\"blockquote\"><span class=\"mfn-blockquote-icon\"><i class=\"icon-quote\" aria-hidden=\"true\"><\/i><\/span><blockquote class=\"mfn-inline-editor\">\u201cEstoy muy agradecida porque siempre han estado conmigo cuando he necesitado consejo o he tenido preguntas. El trabajador sanitario de la comunidad es una de las mejores personas que conozco. Es bueno saber que contamos con su ayuda porque a veces necesitamos ayuda y los recursos son escasos y limitados.\u201d<\/blockquote><\/div>\n<\/div><div class=\"ult-item-wrap\" data-animation=\"animated fadeInLeft\"><div class=\"blockquote\"><span class=\"mfn-blockquote-icon\"><i class=\"icon-quote\" aria-hidden=\"true\"><\/i><\/span><blockquote class=\"mfn-inline-editor\">\u201cEl programa Ryan White ha tenido un gran impacto en mi vida porque en \u00e9l he podido mejorar mi calidad de vida porque he recibido el apoyo que no pod\u00eda recibir en otro sitio. Y por eso les doy las gracias. He recibido prestaciones de terapia, me han proporcionado un terapeuta al que actualmente veo en persona para sesiones individuales y de grupo. Tambi\u00e9n a trav\u00e9s del programa Ryan White he podido recibir ayuda m\u00e9dica que me proporciona los medicamentos que necesito y mis citas de seguimiento. Para m\u00ed, este programa significa un gran apoyo para m\u00ed y para la comunidad hispana que est\u00e1 pasando por una situaci\u00f3n muy dif\u00edcil por no tener estatus legal en este pa\u00eds y tener una condici\u00f3n m\u00e9dica muy compleja. Esta poblaci\u00f3n afectada es una comunidad muy vulnerable que necesita mucho apoyo en todos los \u00e1mbitos de nuestra vida. Gracias\u201d.<\/blockquote><\/div>\n<\/div><div class=\"ult-item-wrap\" data-animation=\"animated fadeInLeft\"><div class=\"blockquote\"><span class=\"mfn-blockquote-icon\"><i class=\"icon-quote\" aria-hidden=\"true\"><\/i><\/span><blockquote class=\"mfn-inline-editor\">\u201cEl Centro Hispano de Asesoramiento ha sido un sistema de apoyo incre\u00edble para mis residentes aqu\u00ed en los programas para j\u00f3venes fugados y sin hogar de la FCA. Alejandra y Andrea siempre se acercan para ver si alg\u00fan residente necesita apoyo y se agradece enormemente. Varios residentes han participado en Habilidades para la Recuperaci\u00f3n Psicol\u00f3gica y Primeros Auxilios Psicol\u00f3gicos y les ha ayudado a obtener las herramientas que necesitan para afrontar emociones dif\u00edciles. Tambi\u00e9n tenemos una residente que se ha matriculado en terapia y psiquiatr\u00eda en el HCC y disfruta teniendo el apoyo de profesionales que entienden su idioma y su origen cultural. Los residentes hablan muy bien del equipo del HCC y siempre est\u00e1n deseando que lleguen las reuniones.\u201d Gracias \u201csimplemente no es suficiente para expresar lo apreciados que sois. Sois todos incre\u00edbles\u201d.<\/blockquote><\/div>\n<\/div><div class=\"ult-item-wrap\" data-animation=\"animated fadeInLeft\"><div class=\"blockquote\"><span class=\"mfn-blockquote-icon\"><i class=\"icon-quote\" aria-hidden=\"true\"><\/i><\/span><blockquote class=\"mfn-inline-editor\">\u00abNo tengo palabras suficientes para todo el personal del programa, s\u00f3lo \u201cagradecimiento\u201d. Fue muy dif\u00edcil al principio del programa porque no quer\u00eda ser consciente de mi \u201cproblema\u201d, y tambi\u00e9n porque me daba mucha verg\u00fcenza lo que pensaran los dem\u00e1s de m\u00ed. Pero ahora puedo decir que entrar en este programa de SUD es una de las cosas m\u00e1s bonitas que me han pasado en la vida. S\u00f3lo quiero dar las gracias a todo el personal del SUD\u00bb.<\/blockquote><p class=\"author\"><i class=\"icon-user\"><\/i><span>S.C.<\/span><\/p><\/div>\n<\/div><div class=\"ult-item-wrap\" data-animation=\"animated fadeInLeft\"><div class=\"blockquote\"><span class=\"mfn-blockquote-icon\"><i class=\"icon-quote\" aria-hidden=\"true\"><\/i><\/span><blockquote class=\"mfn-inline-editor\">\u00a1\u00a1\u00a1\u201cMi hija ha estado yendo a Hispanic Counseling Center durante casi seis a\u00f1os y puedo decir honestamente que es, con diferencia, el mejor campamento de verano!!! Son extremadamente atentos, cari\u00f1osos y sobre todo informativos. Cuando te digo que atienden todas tus necesidades me quedo corta porque hacen mucho m\u00e1s. Los orientadores tratan a todos y cada uno de los alumnos como un todo. Involucran a todos en las actividades diarias y como padre paranoico que soy cuando los llevan de viaje los tratan como si fueran suyos. La seguridad es una prioridad para ellos. La Sra. Janet es simplemente un ser humano incre\u00edble. Trata a mi hija como si fuera suya, y no s\u00f3lo m\u00eda, sino de todo el campamento. Las excursiones son divertidas, las actividades les mantienen ocupados y es el mejor dinero que puedes gastar sabiendo que todo se destina a que tu hijo pase el mejor verano de su vida. Puedo dec\u00edrtelo de primera mano, estoy deseando que empiece el campamento, y me aterra cuando est\u00e1 a punto de terminar pedir que me apunten en la lista para el a\u00f1o que viene. As\u00ed de bien se lo pasa mi hija. Recomiendo encarecidamente el campamento!!!!\u201d.<\/blockquote><\/div>\n<\/div><div class=\"ult-item-wrap\" data-animation=\"animated fadeInLeft\"><div class=\"blockquote\"><span class=\"mfn-blockquote-icon\"><i class=\"icon-quote\" aria-hidden=\"true\"><\/i><\/span><blockquote class=\"mfn-inline-editor\">\u201cMe llamo Javier Guti\u00e9rrez. Estoy muy agradecido por el programa de la tarde. Vengo con frecuencia. Los v\u00eddeos y las clases me est\u00e1n ayudando a aprender ingl\u00e9s. Tambi\u00e9n quiero dar las gracias a mis profesores porque con su apoyo he podido aprobar mis clases. Gracias\u201d.<\/blockquote><p class=\"author\"><i class=\"icon-user\"><\/i><span>Javier Guti\u00e9rrez<\/span><\/p><\/div>\n<\/div><div class=\"ult-item-wrap\" data-animation=\"animated fadeInLeft\"><div class=\"blockquote\"><span class=\"mfn-blockquote-icon\"><i class=\"icon-quote\" aria-hidden=\"true\"><\/i><\/span><blockquote class=\"mfn-inline-editor\">\u201cDel programa para padres he aprendido a analizar las situaciones y a pensar antes de reaccionar de un modo que podr\u00eda tener consecuencias negativas. Tambi\u00e9n aprend\u00ed mucho de las experiencias y las ideas de los otros clientes del grupo. Cuando o\u00eda hablar de sus problemas, me daba cuenta de que mi situaci\u00f3n no era tan dif\u00edcil y complicada como a la que ellos se enfrentaban. Esto me dio una sensaci\u00f3n de perspectiva. El programa para padres me ayud\u00f3 a ser m\u00e1s humana, m\u00e1s comprensiva con los dem\u00e1s.\u201d<\/blockquote><p class=\"author\"><i class=\"icon-user\"><\/i><span>Arlinne R.<\/span><\/p><\/div>\n<\/div><div class=\"ult-item-wrap\" data-animation=\"animated fadeInLeft\"><div class=\"blockquote\"><span class=\"mfn-blockquote-icon\"><i class=\"icon-quote\" aria-hidden=\"true\"><\/i><\/span><blockquote class=\"mfn-inline-editor\">\u201cEl programa COMHPS ha tenido un impacto positivo en mi vida. Fui v\u00edctima de un delito de odio, lo que me provoc\u00f3 ataques de p\u00e1nico y un profundo sentimiento de desconfianza hacia quienes me rodeaban. Sin embargo, gracias al apoyo de los asesores del programa COMHPS, he recuperado la confianza en m\u00ed misma, me he abierto a la socializaci\u00f3n y me he reintegrado en la comunidad de forma positiva. En consecuencia, me siento relajada, motivada para triunfar y segura de que nada puede impedirme alcanzar mis objetivos. Para m\u00ed, el programa COMHPS significa apoyo, confianza y amor\u201d.<\/blockquote><p class=\"author\"><i class=\"icon-user\"><\/i><span>Ang\u00e9lica M.<\/span><\/p><\/div>\n<\/div><div class=\"ult-item-wrap\" data-animation=\"animated fadeInLeft\"><div class=\"blockquote\"><span class=\"mfn-blockquote-icon\"><i class=\"icon-quote\" aria-hidden=\"true\"><\/i><\/span><blockquote class=\"mfn-inline-editor\">\u201cEl programa de respiro ha estado ah\u00ed para mi familia en nuestros momentos m\u00e1s dif\u00edciles. Nos proporcionan constantemente donaciones de comida, ropa e incluso muebles cuando los necesitamos. Mis hijos siempre est\u00e1n encantados de asistir al grupo porque es su oportunidad de divertirse, y yo tambi\u00e9n puedo tener algo de tiempo personal.\u201d<\/blockquote><\/div>\n<\/div><div class=\"ult-item-wrap\" data-animation=\"animated fadeInLeft\"><div class=\"blockquote\"><span class=\"mfn-blockquote-icon\"><i class=\"icon-quote\" aria-hidden=\"true\"><\/i><\/span><blockquote class=\"mfn-inline-editor\">\u201cAhora soy una persona m\u00e1s feliz gracias al Centro Hispano de Asesoramiento. Antes viv\u00eda en un albergue, estaba deprimida todo el tiempo y apenas ten\u00eda contacto con la familia, y mi vida era un desastre. Pero tener mi propio apartamento me ha cambiado literalmente la vida. Me encanta mi piso y, sobre todo, \u00a1ahora mis hijas pueden visitarme y traer a mis nietos de visita! No pod\u00eda hacer eso en un centro de acogida\u201d.<\/blockquote><p class=\"author\"><i class=\"icon-user\"><\/i><span>R. Negr\u00f3n<\/span><\/p><\/div>\n<\/div><\/div><\/div>\t\t\t<script type=\"text\/javascript\">\n\t\t\t\tjQuery(document).ready(function ($) {\n\t\t\t\t\tif( typeof jQuery('.ult-carousel-1910251269de1dfce2999').slick == \"function\"){\n\t\t\t\t\t\t$('.ult-carousel-1910251269de1dfce2999').slick({dots: true,autoplay: true,autoplaySpeed: \"10000\",speed: \"300\",infinite: true,arrows: true,nextArrow: '<button type=\"button\" role=\"button\" aria-label=\"Next\" style=\"color:#FFFFFF; font-size:44px;background:;\" class=\"slick-next square-bg\"><i class=\"ultsl-arrow-right4\"><\/i><\/button>',prevArrow: '<button type=\"button\" role=\"button\" aria-label=\"Previous\" style=\"color:#FFFFFF; font-size:44px;background:;\" class=\"slick-prev square-bg\"><i class=\"ultsl-arrow-left4\"><\/i><\/button>',slidesToScroll:1,slidesToShow:1,swipe: true,draggable: true,touchMove: true,pauseOnHover: true,pauseOnFocus: false,centerMode: true,adaptiveHeight: true,responsive: [\n\t\t\t\t\t\t\t{\n\t\t\t\t\t\t\t  breakpoint: 1026,\n\t\t\t\t\t\t\t  settings: {\n\t\t\t\t\t\t\t\tslidesToShow: 1,\n\t\t\t\t\t\t\t\tslidesToScroll: 1,  \n\t\t\t\t\t\t\t  }\n\t\t\t\t\t\t\t},\n\t\t\t\t\t\t\t{\n\t\t\t\t\t\t\t  breakpoint: 1025,\n\t\t\t\t\t\t\t  settings: {\n\t\t\t\t\t\t\t\tslidesToShow: 1,\n\t\t\t\t\t\t\t\tslidesToScroll: 1\n\t\t\t\t\t\t\t  }\n\t\t\t\t\t\t\t},\n\t\t\t\t\t\t\t{\n\t\t\t\t\t\t\t  breakpoint: 760,\n\t\t\t\t\t\t\t  settings: {\n\t\t\t\t\t\t\t\tslidesToShow: 1,\n\t\t\t\t\t\t\t\tslidesToScroll: 1\n\t\t\t\t\t\t\t  }\n\t\t\t\t\t\t\t}\n\t\t\t\t\t\t],pauseOnDotsHover: true,customPaging: function(slider, i) {\n                   return '<i type=\"button\" style= \"color:#333333;\" class=\"ultsl-record\" data-role=\"none\"><\/i>';\n                },});\n\t\t\t\t\t}\n\t\t\t\t});\n\t\t\t<\/script>\n\t\t\t[\/vc_column_inner][vc_column_inner width=\u00bb1\/6&#8243;][\/vc_column_inner][\/vc_row_inner][\/vc_column][\/vc_row][vc_row full_width=\u00bbstretch_row\u00bb content_placement=\u00bbmiddle\u00bb el_class=\u00bbbottom-cta black-p\u00bb css=\u00bb.vc_custom_1736955045406{background-color: #b3d2dc !important;}\u00bb][vc_column][vc_row_inner content_placement=\u00bbmiddle\u00bb][vc_column_inner width=\u00bb2\/3&#8243;][vc_column_text css=\u00bb\u00bb el_class=\u00bblong-emphasis\u00bb]<\/p>\n<h2><em>Empieza con HCC<\/em><\/h2>\n<p>Nuestros servicios son totalmente biling\u00fces, lo que garantiza la accesibilidad tanto para los angloparlantes como para los hispanohablantes. Nos comprometemos a sensibilizar y ampliar el acceso a estos valiosos recursos comunitarios.<\/p>\n<p>[\/vc_column_text][\/vc_column_inner][vc_column_inner width=\u00bb1\/3&#8243;][vc_btn title=\u00bbPonte en contacto\u00bb style=\u00bbflat\u00bb shape=\u00bbround\u00bb color=\u00bbdanger\u00bb align=\u00bbcenter\u00bb css=\u00bb\u00bb link=\u00bburl:https%3A%2F%2Fwww.hispaniccounseling.org%2Fes%2Fponte-en-contacto-con%2F|\u00bb][\/vc_column_inner][\/vc_row_inner][\/vc_column][\/vc_row]<\/p>\n<\/div>","protected":false},"excerpt":{"rendered":"<p>[vc_row full_width=\u00bbstretch_row\u00bb el_class=\u00bbpage-title\u00bb][vc_column][vc_column_text css=\u00bb\u00bb] Testimonios [\/vc_column_text][\/vc_column][\/vc_row][vc_row full_width=\u00bbstretch_row_content\u00bb bg_type=\u00bbimage\u00bb parallax_style=\u00bbvcpb-default\u00bb bg_image_new=\u00bbid^5538|url^https:\/\/www.hispaniccounseling.org\/wp-content\/uploads\/2025\/01\/sq-bg-cover.png|caption^null|alt^null|title^sq-bg-cover|description^null\u00bb bg_img_attach=\u00bbfixed\u00bb bg_override=\u00bbfull\u00bb css=\u00bb.vc_custom_1749225054780{background-color: #FFFFFF !important;background-position: 0 0 !important;background-repeat: repeat !important;}\u00bb el_class=\u00bbtestimonials\u00bb][vc_column][vc_row_inner el_class=\u00bbback-graphic\u00bb][vc_column_inner width=\u00bb1\/6&#8243;][\/vc_column_inner][vc_column_inner el_class=\u00bbtestimonial\u00bb width=\u00bb2\/3&#8243;][\/vc_column_inner][vc_column_inner width=\u00bb1\/6&#8243;][\/vc_column_inner][\/vc_row_inner][\/vc_column][\/vc_row][vc_row<span class=\"excerpt-hellip\"> [\u2026]<\/span><\/p>\n","protected":false},"author":3,"featured_media":0,"parent":0,"menu_order":0,"comment_status":"closed","ping_status":"closed","template":"","meta":{"footnotes":""},"class_list":["post-6895","page","type-page","status-publish","hentry"],"yoast_head":"<!-- This site is optimized with the Yoast SEO plugin v25.3 - https:\/\/yoast.com\/wordpress\/plugins\/seo\/ -->\n<title>Testimonios | HCC<\/title>\n<meta name=\"description\" content=\"Comprueba c\u00f3mo HCC ha transformado vidas a trav\u00e9s de historias de \u00e9xito reales. Descubre testimonios inspiradores de personas a las que hemos ayudado a lo largo de los a\u00f1os.\" \/>\n<meta name=\"robots\" content=\"index, follow, max-snippet:-1, max-image-preview:large, max-video-preview:-1\" \/>\n<link rel=\"canonical\" href=\"https:\/\/www.hispaniccounseling.org\/es\/testimonios\/\" \/>\n<meta property=\"og:locale\" content=\"es_ES\" \/>\n<meta property=\"og:type\" content=\"article\" \/>\n<meta property=\"og:title\" content=\"Testimonios | HCC\" \/>\n<meta property=\"og:description\" content=\"Comprueba c\u00f3mo HCC ha transformado vidas a trav\u00e9s de historias de \u00e9xito reales. Descubre testimonios inspiradores de personas a las que hemos ayudado a lo largo de los a\u00f1os.\" \/>\n<meta property=\"og:url\" content=\"https:\/\/www.hispaniccounseling.org\/es\/testimonios\/\" \/>\n<meta property=\"og:site_name\" content=\"Hispanic Counseling Center\" \/>\n<meta property=\"article:modified_time\" content=\"2025-06-18T07:29:55+00:00\" \/>\n<meta name=\"twitter:card\" content=\"summary_large_image\" \/>\n<meta name=\"twitter:label1\" content=\"Est. reading time\" \/>\n\t<meta name=\"twitter:data1\" content=\"9 minutos\" \/>\n<script type=\"application\/ld+json\" class=\"yoast-schema-graph\">{\"@context\":\"https:\/\/schema.org\",\"@graph\":[{\"@type\":\"WebPage\",\"@id\":\"https:\/\/www.hispaniccounseling.org\/es\/testimonios\/\",\"url\":\"https:\/\/www.hispaniccounseling.org\/es\/testimonios\/\",\"name\":\"Testimonios | HCC\",\"isPartOf\":{\"@id\":\"https:\/\/www.hispaniccounseling.org\/#website\"},\"datePublished\":\"2025-06-06T14:31:12+00:00\",\"dateModified\":\"2025-06-18T07:29:55+00:00\",\"description\":\"Comprueba c\u00f3mo HCC ha transformado vidas a trav\u00e9s de historias de \u00e9xito reales. Descubre testimonios inspiradores de personas a las que hemos ayudado a lo largo de los a\u00f1os.\",\"breadcrumb\":{\"@id\":\"https:\/\/www.hispaniccounseling.org\/es\/testimonios\/#breadcrumb\"},\"inLanguage\":\"es\",\"potentialAction\":[{\"@type\":\"ReadAction\",\"target\":[\"https:\/\/www.hispaniccounseling.org\/es\/testimonios\/\"]}]},{\"@type\":\"BreadcrumbList\",\"@id\":\"https:\/\/www.hispaniccounseling.org\/es\/testimonios\/#breadcrumb\",\"itemListElement\":[{\"@type\":\"ListItem\",\"position\":1,\"name\":\"Inicio\",\"item\":\"https:\/\/www.hispaniccounseling.org\/es\/centro-hispano-de-asesoramiento\/\"},{\"@type\":\"ListItem\",\"position\":2,\"name\":\"Testimonios\"}]},{\"@type\":\"WebSite\",\"@id\":\"https:\/\/www.hispaniccounseling.org\/#website\",\"url\":\"https:\/\/www.hispaniccounseling.org\/\",\"name\":\"Hispanic Counseling Center\",\"description\":\"\",\"potentialAction\":[{\"@type\":\"SearchAction\",\"target\":{\"@type\":\"EntryPoint\",\"urlTemplate\":\"https:\/\/www.hispaniccounseling.org\/?s={search_term_string}\"},\"query-input\":{\"@type\":\"PropertyValueSpecification\",\"valueRequired\":true,\"valueName\":\"search_term_string\"}}],\"inLanguage\":\"es\"}]}<\/script>\n<!-- \/ Yoast SEO plugin. -->","yoast_head_json":{"title":"Testimonios | HCC","description":"Comprueba c\u00f3mo HCC ha transformado vidas a trav\u00e9s de historias de \u00e9xito reales. Descubre testimonios inspiradores de personas a las que hemos ayudado a lo largo de los a\u00f1os.","robots":{"index":"index","follow":"follow","max-snippet":"max-snippet:-1","max-image-preview":"max-image-preview:large","max-video-preview":"max-video-preview:-1"},"canonical":"https:\/\/www.hispaniccounseling.org\/es\/testimonios\/","og_locale":"es_ES","og_type":"article","og_title":"Testimonios | HCC","og_description":"Comprueba c\u00f3mo HCC ha transformado vidas a trav\u00e9s de historias de \u00e9xito reales. Descubre testimonios inspiradores de personas a las que hemos ayudado a lo largo de los a\u00f1os.","og_url":"https:\/\/www.hispaniccounseling.org\/es\/testimonios\/","og_site_name":"Hispanic Counseling Center","article_modified_time":"2025-06-18T07:29:55+00:00","twitter_card":"summary_large_image","twitter_misc":{"Est. reading time":"9 minutos"},"schema":{"@context":"https:\/\/schema.org","@graph":[{"@type":"WebPage","@id":"https:\/\/www.hispaniccounseling.org\/es\/testimonios\/","url":"https:\/\/www.hispaniccounseling.org\/es\/testimonios\/","name":"Testimonios | HCC","isPartOf":{"@id":"https:\/\/www.hispaniccounseling.org\/#website"},"datePublished":"2025-06-06T14:31:12+00:00","dateModified":"2025-06-18T07:29:55+00:00","description":"Comprueba c\u00f3mo HCC ha transformado vidas a trav\u00e9s de historias de \u00e9xito reales. Descubre testimonios inspiradores de personas a las que hemos ayudado a lo largo de los a\u00f1os.","breadcrumb":{"@id":"https:\/\/www.hispaniccounseling.org\/es\/testimonios\/#breadcrumb"},"inLanguage":"es","potentialAction":[{"@type":"ReadAction","target":["https:\/\/www.hispaniccounseling.org\/es\/testimonios\/"]}]},{"@type":"BreadcrumbList","@id":"https:\/\/www.hispaniccounseling.org\/es\/testimonios\/#breadcrumb","itemListElement":[{"@type":"ListItem","position":1,"name":"Inicio","item":"https:\/\/www.hispaniccounseling.org\/es\/centro-hispano-de-asesoramiento\/"},{"@type":"ListItem","position":2,"name":"Testimonios"}]},{"@type":"WebSite","@id":"https:\/\/www.hispaniccounseling.org\/#website","url":"https:\/\/www.hispaniccounseling.org\/","name":"Hispanic Counseling Center","description":"","potentialAction":[{"@type":"SearchAction","target":{"@type":"EntryPoint","urlTemplate":"https:\/\/www.hispaniccounseling.org\/?s={search_term_string}"},"query-input":{"@type":"PropertyValueSpecification","valueRequired":true,"valueName":"search_term_string"}}],"inLanguage":"es"}]}},"featured_image_src":null,"featured_image_src_square":null,"_links":{"self":[{"href":"https:\/\/www.hispaniccounseling.org\/es\/wp-json\/wp\/v2\/pages\/6895","targetHints":{"allow":["GET"]}}],"collection":[{"href":"https:\/\/www.hispaniccounseling.org\/es\/wp-json\/wp\/v2\/pages"}],"about":[{"href":"https:\/\/www.hispaniccounseling.org\/es\/wp-json\/wp\/v2\/types\/page"}],"author":[{"embeddable":true,"href":"https:\/\/www.hispaniccounseling.org\/es\/wp-json\/wp\/v2\/users\/3"}],"replies":[{"embeddable":true,"href":"https:\/\/www.hispaniccounseling.org\/es\/wp-json\/wp\/v2\/comments?post=6895"}],"version-history":[{"count":0,"href":"https:\/\/www.hispaniccounseling.org\/es\/wp-json\/wp\/v2\/pages\/6895\/revisions"}],"wp:attachment":[{"href":"https:\/\/www.hispaniccounseling.org\/es\/wp-json\/wp\/v2\/media?parent=6895"}],"curies":[{"name":"wp","href":"https:\/\/api.w.org\/{rel}","templated":true}]}}