{"id":6896,"date":"2024-09-17T16:54:23","date_gmt":"2024-09-17T20:54:23","guid":{"rendered":"https:\/\/www.hispaniccounseling.org\/nuestra-historia\/"},"modified":"2025-06-18T03:30:37","modified_gmt":"2025-06-18T07:30:37","slug":"nuestra-historia","status":"publish","type":"page","link":"https:\/\/www.hispaniccounseling.org\/es\/quienes-somos\/nuestra-historia\/","title":{"rendered":"Nuestra historia"},"content":{"rendered":"<div class=\"wpb-content-wrapper\"><p>[vc_row full_width=\u00bbstretch_row\u00bb el_class=\u00bbpage-title\u00bb][vc_column][vc_column_text css=\u00bb\u00bb]<\/p>\n<h1 style=\"text-align: center;\">Nuestra historia<\/h1>\n<p>[\/vc_column_text][\/vc_column][\/vc_row][vc_row css=\u00bb.vc_custom_1726686875207{padding-top: 4rem !important;}\u00bb][vc_column][vc_row_inner content_placement=\u00bbmiddle\u00bb el_class=\u00bbbigger-text long-emphasis\u00bb][vc_column_inner][vc_column_text css=\u00bb\u00bb el_class=\u00bbh-emphasis\u00bb]<\/p>\n<p style=\"text-align: center;\">La cronolog\u00eda de la agencia relata el crecimiento del Centro Hispano de Asesoramiento, desde un programa y cuatro empleados en una oficina alquilada de 600 pies cuadrados en 1977, hasta la propiedad de unas modernas instalaciones de 38.000 pies cuadrados con m\u00faltiples programas y servicios en la actualidad.<\/p>\n<p>[\/vc_column_text][\/vc_column_inner][\/vc_row_inner][\/vc_column][\/vc_row][vc_row el_class=\u00bbtimeline-structure\u00bb][vc_column][vc_raw_html css=\u00bb\u00bb]PGRpdiBjbGFzcz0idGltZWxpbmUtbGluZSI+PC9kaXY+[\/vc_raw_html][\/vc_column][\/vc_row][vc_row gap=\u00bb30&#8243; content_placement=\u00bbmiddle\u00bb][vc_column width=\u00bb1\/2&#8243; el_class=\u00bbleft-timeline\u00bb][vc_message style=\u00bbround\u00bb icon_fontawesome=\u00bbfas fa-chevron-circle-right\u00bb css=\u00bb\u00bb]<\/p>\n<h2>1977<\/h2>\n<p>[\/vc_message][vc_column_text css=\u00bb\u00bb]El Centro Hispano de Asesoramiento ha sido creado por el Departamento de Toxicoman\u00edas y Alcoholismo del condado de Nassau para prestar servicios de tratamiento del abuso de sustancias a la creciente poblaci\u00f3n hispana del condado de Nassau.[\/vc_column_text][\/vc_column][vc_column width=\u00bb1\/2&#8243;][\/vc_column][\/vc_row][vc_row gap=\u00bb30&#8243; content_placement=\u00bbmiddle\u00bb][vc_column width=\u00bb1\/2&#8243;][\/vc_column][vc_column width=\u00bb1\/2&#8243; el_class=\u00bbtimeline-right\u00bb][vc_message style=\u00bbround\u00bb icon_fontawesome=\u00bbfas fa-chevron-circle-right\u00bb css=\u00bb\u00bb]<\/p>\n<h2>1979<\/h2>\n<p>[\/vc_message][vc_column_text css=\u00bb\u00bb]La Junta Juvenil del Condado de Nassau concede financiaci\u00f3n para servicios de prevenci\u00f3n, educaci\u00f3n y asesoramiento a j\u00f3venes y familias de habla inglesa limitada.[\/vc_column_text][\/vc_column][\/vc_row][vc_row gap=\u00bb35&#8243; content_placement=\u00bbmiddle\u00bb][vc_column width=\u00bb1\/2&#8243; el_class=\u00bbleft-timeline\u00bb][vc_message style=\u00bbround\u00bb icon_fontawesome=\u00bbfas fa-chevron-circle-right\u00bb css=\u00bb\u00bb]<\/p>\n<h2>1986<\/h2>\n<p>[\/vc_message][vc_column_text css=\u00bb\u00bb]El HCC tiene licencia del estado de Nueva York para convertirse en la primera cl\u00ednica biling\u00fce y bicultural de rehabilitaci\u00f3n de alcoholismo y drogadicci\u00f3n del condado de Nassau.[\/vc_column_text][\/vc_column][vc_column width=\u00bb1\/2&#8243;][\/vc_column][\/vc_row][vc_row gap=\u00bb35&#8243; equal_height=\u00bbyes\u00bb content_placement=\u00bbmiddle\u00bb][vc_column width=\u00bb1\/2&#8243;][\/vc_column][vc_column width=\u00bb1\/2&#8243; el_class=\u00bbtimeline-right\u00bb][vc_message style=\u00bbround\u00bb icon_fontawesome=\u00bbfas fa-chevron-circle-right\u00bb css=\u00bb\u00bb]<\/p>\n<h2>1987<\/h2>\n<p>[\/vc_message][vc_column_text css=\u00bb\u00bb]Comienza el Programa de Verano para ni\u00f1os de 7 a 12 a\u00f1os.[\/vc_column_text][\/vc_column][\/vc_row][vc_row gap=\u00bb35&#8243; equal_height=\u00bbyes\u00bb content_placement=\u00bbmiddle\u00bb][vc_column width=\u00bb1\/2&#8243; el_class=\u00bbleft-timeline\u00bb][vc_message style=\u00bbround\u00bb icon_fontawesome=\u00bbfas fa-chevron-circle-right\u00bb css=\u00bb\u00bb]<\/p>\n<h2>1989<\/h2>\n<p>[\/vc_message][vc_column_text css=\u00bb\u00bb]Hay sesiones extraescolares de ayuda con los deberes y de tutor\u00eda para todos los ni\u00f1os en edad escolar.[\/vc_column_text][\/vc_column][vc_column width=\u00bb1\/2&#8243;][\/vc_column][\/vc_row][vc_row gap=\u00bb35&#8243; equal_height=\u00bbyes\u00bb content_placement=\u00bbmiddle\u00bb][vc_column width=\u00bb1\/2&#8243;][\/vc_column][vc_column width=\u00bb1\/2&#8243; el_class=\u00bbtimeline-right\u00bb][vc_message style=\u00bbround\u00bb icon_fontawesome=\u00bbfas fa-chevron-circle-right\u00bb css=\u00bb\u00bb]<\/p>\n<h2>1992<\/h2>\n<p>[\/vc_message][vc_column_text css=\u00bb\u00bb]El HCC obtiene la licencia del Estado de Nueva York para una cl\u00ednica ambulatoria de salud mental.[\/vc_column_text][\/vc_column][\/vc_row][vc_row gap=\u00bb35&#8243; equal_height=\u00bbyes\u00bb content_placement=\u00bbmiddle\u00bb][vc_column width=\u00bb1\/2&#8243; el_class=\u00bbleft-timeline\u00bb][vc_message style=\u00bbround\u00bb icon_fontawesome=\u00bbfas fa-chevron-circle-right\u00bb css=\u00bb\u00bb]<\/p>\n<h2>1993<\/h2>\n<p>[\/vc_message][vc_column_text css=\u00bb\u00bb]Se inaugura el Programa de Viviendas con Apoyo para enfermos mentales que necesitan alojamiento.[\/vc_column_text][\/vc_column][vc_column width=\u00bb1\/2&#8243;][\/vc_column][\/vc_row][vc_row gap=\u00bb35&#8243; equal_height=\u00bbyes\u00bb content_placement=\u00bbmiddle\u00bb][vc_column width=\u00bb1\/2&#8243;][\/vc_column][vc_column width=\u00bb1\/2&#8243; el_class=\u00bbtimeline-right\u00bb][vc_message style=\u00bbround\u00bb icon_fontawesome=\u00bbfas fa-chevron-circle-right\u00bb css=\u00bb\u00bb]<\/p>\n<h2>1994<\/h2>\n<p>[\/vc_message][vc_column_text css=\u00bb\u00bb]Programa de Ingl\u00e9s como Segunda Lengua disponible para todos los clientes de HCC.[\/vc_column_text][\/vc_column][\/vc_row][vc_row gap=\u00bb35&#8243; equal_height=\u00bbyes\u00bb content_placement=\u00bbmiddle\u00bb][vc_column width=\u00bb1\/2&#8243; el_class=\u00bbleft-timeline\u00bb][vc_message style=\u00bbround\u00bb icon_fontawesome=\u00bbfas fa-chevron-circle-right\u00bb css=\u00bb\u00bb]<\/p>\n<h2>1995<\/h2>\n<p>[\/vc_message][vc_column_text css=\u00bb\u00bb]Programa de Respiro creado para prestar servicios a ni\u00f1os con problemas emocionales graves.[\/vc_column_text][\/vc_column][vc_column width=\u00bb1\/2&#8243;][\/vc_column][\/vc_row][vc_row gap=\u00bb35&#8243; equal_height=\u00bbyes\u00bb content_placement=\u00bbmiddle\u00bb][vc_column width=\u00bb1\/2&#8243;][\/vc_column][vc_column width=\u00bb1\/2&#8243; el_class=\u00bbtimeline-right\u00bb][vc_message style=\u00bbround\u00bb icon_fontawesome=\u00bbfas fa-chevron-circle-right\u00bb css=\u00bb\u00bb]<\/p>\n<h2>1996<\/h2>\n<p>[\/vc_message][vc_column_text css=\u00bb\u00bb]El Programa de Violencia Dom\u00e9stica se crea para llenar un vac\u00edo en los servicios para v\u00edctimas y agresores.[\/vc_column_text][\/vc_column][\/vc_row][vc_row gap=\u00bb35&#8243; equal_height=\u00bbyes\u00bb content_placement=\u00bbmiddle\u00bb][vc_column width=\u00bb1\/2&#8243; el_class=\u00bbleft-timeline\u00bb][vc_message style=\u00bbround\u00bb icon_fontawesome=\u00bbfas fa-chevron-circle-right\u00bb css=\u00bb\u00bb]<\/p>\n<h2>1998<\/h2>\n<p>[\/vc_message][vc_column_text css=\u00bb\u00bb]<\/p>\n<ul>\n<li>El Programa de Exenci\u00f3n HCBS se crea para prestar servicios a domicilio a adultos y ni\u00f1os con discapacidades del desarrollo.<\/li>\n<li>Se instituye el Programa de Alfabetizaci\u00f3n para ense\u00f1ar a los adultos a leer y escribir en espa\u00f1ol.<\/li>\n<li>Se crea el Programa de Intervenci\u00f3n Temprana para prestar servicios de trabajo social en el HCC y en el domicilio.<\/li>\n<\/ul>\n<p>[\/vc_column_text][\/vc_column][vc_column width=\u00bb1\/2&#8243;][\/vc_column][\/vc_row][vc_row gap=\u00bb35&#8243; equal_height=\u00bbyes\u00bb content_placement=\u00bbmiddle\u00bb][vc_column width=\u00bb1\/2&#8243;][\/vc_column][vc_column width=\u00bb1\/2&#8243; el_class=\u00bbtimeline-right\u00bb][vc_message style=\u00bbround\u00bb icon_fontawesome=\u00bbfas fa-chevron-circle-right\u00bb css=\u00bb\u00bb]<\/p>\n<h2>1999<\/h2>\n<p>[\/vc_message][vc_column_text css=\u00bb\u00bb]Comienza el Programa de Coordinaci\u00f3n de Servicios de Medicaid para adultos y ni\u00f1os con discapacidades del desarrollo, con el fin de proporcionar gesti\u00f3n de casos para vivir en casa y no en un entorno institucional.[\/vc_column_text][\/vc_column][\/vc_row][vc_row gap=\u00bb35&#8243; equal_height=\u00bbyes\u00bb content_placement=\u00bbmiddle\u00bb][vc_column width=\u00bb1\/2&#8243; el_class=\u00bbleft-timeline\u00bb][vc_message style=\u00bbround\u00bb icon_fontawesome=\u00bbfas fa-chevron-circle-right\u00bb css=\u00bb\u00bb]<\/p>\n<h2>2001<\/h2>\n<p>[\/vc_message][vc_column_text css=\u00bb\u00bb]Comienza el Programa Ryan White de Salud Mental para Personas con VIH\/SIDA.[\/vc_column_text][\/vc_column][vc_column width=\u00bb1\/2&#8243;][\/vc_column][\/vc_row][vc_row gap=\u00bb35&#8243; equal_height=\u00bbyes\u00bb content_placement=\u00bbmiddle\u00bb][vc_column width=\u00bb1\/2&#8243;][\/vc_column][vc_column width=\u00bb1\/2&#8243; el_class=\u00bbtimeline-right\u00bb][vc_message style=\u00bbround\u00bb icon_fontawesome=\u00bbfas fa-chevron-circle-right\u00bb css=\u00bb\u00bb]<\/p>\n<h2>2003<\/h2>\n<p>[\/vc_message][vc_column_text css=\u00bb\u00bb]<\/p>\n<ul>\n<li>HCC se traslada al 344 de Fulton Avenue Hempstead, el nuevo edificio propiedad de la agencia.<\/li>\n<li>Comienza el Centro de Acogida para Adolescentes.<\/li>\n<\/ul>\n<p>[\/vc_column_text][\/vc_column][\/vc_row][vc_row gap=\u00bb35&#8243; equal_height=\u00bbyes\u00bb content_placement=\u00bbmiddle\u00bb][vc_column width=\u00bb1\/2&#8243; el_class=\u00bbleft-timeline\u00bb][vc_message style=\u00bbround\u00bb icon_fontawesome=\u00bbfas fa-chevron-circle-right\u00bb css=\u00bb\u00bb]<\/p>\n<h2>2008<\/h2>\n<p>[\/vc_message][vc_column_text css=\u00bb\u00bb]HCC compra el 336 de Fulton Ave en Hempstead para ampliar el programa de Salud Mental.[\/vc_column_text][\/vc_column][vc_column width=\u00bb1\/2&#8243;][\/vc_column][\/vc_row][vc_row gap=\u00bb35&#8243; equal_height=\u00bbyes\u00bb content_placement=\u00bbmiddle\u00bb][vc_column width=\u00bb1\/2&#8243;][\/vc_column][vc_column width=\u00bb1\/2&#8243; el_class=\u00bbtimeline-right\u00bb][vc_message style=\u00bbround\u00bb icon_fontawesome=\u00bbfas fa-chevron-circle-right\u00bb css=\u00bb\u00bb]<\/p>\n<h2>2011<\/h2>\n<p>[\/vc_message][vc_column_text css=\u00bb\u00bb]Comienza el programa de parentesco para proporcionar apoyo a los abuelos\/cuidadores de ni\u00f1os cuyos padres est\u00e1n encarcelados, deportados u hospitalizados.[\/vc_column_text][\/vc_column][\/vc_row][vc_row gap=\u00bb35&#8243; equal_height=\u00bbyes\u00bb content_placement=\u00bbmiddle\u00bb][vc_column width=\u00bb1\/2&#8243; el_class=\u00bbleft-timeline\u00bb][vc_message style=\u00bbround\u00bb icon_fontawesome=\u00bbfas fa-chevron-circle-right\u00bb css=\u00bb\u00bb]<\/p>\n<h2>2012<\/h2>\n<p>[\/vc_message][vc_column_text css=\u00bb\u00bb]El Proyecto Esperanza se puso en marcha tras la supertormenta Sandy para proporcionar asesoramiento en situaciones de crisis.[\/vc_column_text][\/vc_column][vc_column width=\u00bb1\/2&#8243;][\/vc_column][\/vc_row][vc_row gap=\u00bb35&#8243; equal_height=\u00bbyes\u00bb content_placement=\u00bbmiddle\u00bb][vc_column width=\u00bb1\/2&#8243;][\/vc_column][vc_column width=\u00bb1\/2&#8243; el_class=\u00bbtimeline-right\u00bb][vc_message style=\u00bbround\u00bb icon_fontawesome=\u00bbfas fa-chevron-circle-right\u00bb css=\u00bb\u00bb]<\/p>\n<h2>2014<\/h2>\n<p>[\/vc_message][vc_column_text css=\u00bb\u00bb]El Programa Supertormenta Sandy proporciona apoyo multiservicios a las v\u00edctimas de la tormenta.[\/vc_column_text][\/vc_column][\/vc_row][vc_row gap=\u00bb35&#8243; equal_height=\u00bbyes\u00bb content_placement=\u00bbmiddle\u00bb][vc_column width=\u00bb1\/2&#8243; el_class=\u00bbleft-timeline\u00bb][vc_message style=\u00bbround\u00bb icon_fontawesome=\u00bbfas fa-chevron-circle-right\u00bb css=\u00bb\u00bb]<\/p>\n<h2>2017<\/h2>\n<p>[\/vc_message][vc_column_text css=\u00bb\u00bb]<\/p>\n<ul>\n<li>La Coordinaci\u00f3n de Cuidados empieza a proporcionar gesti\u00f3n de casos.<\/li>\n<li>Comienzan los Servicios de Estabilizaci\u00f3n de Crisis de la Cl\u00ednica de Salud Mental, para prestar servicios intensivos.<\/li>\n<li>Comienza el Programa Extraescolar Empire State, para proporcionar apoyo acad\u00e9mico y de asesoramiento extraescolar y los s\u00e1bados a los j\u00f3venes y sus padres.<\/li>\n<li>Comienza Partners in Prevention, para prestar servicios de prevenci\u00f3n de drogas basados en pruebas.<\/li>\n<\/ul>\n<p>[\/vc_column_text][\/vc_column][vc_column width=\u00bb1\/2&#8243;][\/vc_column][\/vc_row][vc_row gap=\u00bb35&#8243; equal_height=\u00bbyes\u00bb content_placement=\u00bbmiddle\u00bb][vc_column width=\u00bb1\/2&#8243;][\/vc_column][vc_column width=\u00bb1\/2&#8243; el_class=\u00bbtimeline-right\u00bb][vc_message style=\u00bbround\u00bb icon_fontawesome=\u00bbfas fa-chevron-circle-right\u00bb css=\u00bb\u00bb]<\/p>\n<h2>2018<\/h2>\n<p>[\/vc_message][vc_column_text css=\u00bb\u00bb]Comienza el Programa Conexiones Sanitarias Comunitarias para los residentes de la Villa de Hempstead.[\/vc_column_text][\/vc_column][\/vc_row][vc_row gap=\u00bb35&#8243; equal_height=\u00bbyes\u00bb content_placement=\u00bbmiddle\u00bb][vc_column width=\u00bb1\/2&#8243; el_class=\u00bbleft-timeline\u00bb][vc_message style=\u00bbround\u00bb icon_fontawesome=\u00bbfas fa-chevron-circle-right\u00bb css=\u00bb\u00bb]<\/p>\n<h2>2019<\/h2>\n<p>[\/vc_message][vc_column_text css=\u00bb\u00bb]Asociaciones establecidas con LI Cares Kids Cafe y el Programa STEM de la Universidad de Hofstra.[\/vc_column_text][\/vc_column][vc_column width=\u00bb1\/2&#8243;][\/vc_column][\/vc_row][vc_row gap=\u00bb35&#8243; equal_height=\u00bbyes\u00bb content_placement=\u00bbmiddle\u00bb][vc_column width=\u00bb1\/2&#8243;][\/vc_column][vc_column width=\u00bb1\/2&#8243; el_class=\u00bbtimeline-right\u00bb][vc_message style=\u00bbround\u00bb icon_fontawesome=\u00bbfas fa-chevron-circle-right\u00bb css=\u00bb\u00bb]<\/p>\n<h2>2020<\/h2>\n<p>[\/vc_message][vc_column_text css=\u00bb\u00bb]<\/p>\n<ul>\n<li>La Cl\u00ednica de Salud Mental HCC del Condado de Suffolk abre sus puertas en Bay Shore.<\/li>\n<li>Comienzan los Servicios Regionales de Prevenci\u00f3n y Apoyo, en asociaci\u00f3n con Northwell Health, para proporcionar una gesti\u00f3n intensiva de los casos con el fin de disminuir el riesgo de infecci\u00f3n por VIH.<\/li>\n<li>Comienza el Proyecto Esperanza, para proporcionar asesoramiento y derivaciones en crisis relacionadas con el COVID-19.<\/li>\n<li>La Cl\u00ednica de Salud Mental de Nassau ampl\u00eda los servicios para ni\u00f1os afectados por la violencia dom\u00e9stica con financiaci\u00f3n de la Fundaci\u00f3n de Salud Madre Cabrini.<\/li>\n<\/ul>\n<p>[\/vc_column_text][\/vc_column][\/vc_row][vc_row gap=\u00bb35&#8243; equal_height=\u00bbyes\u00bb content_placement=\u00bbmiddle\u00bb][vc_column width=\u00bb1\/2&#8243; el_class=\u00bbleft-timeline\u00bb][vc_message style=\u00bbround\u00bb icon_fontawesome=\u00bbfas fa-chevron-circle-right\u00bb css=\u00bb\u00bb]<\/p>\n<h2>2021<\/h2>\n<p>[\/vc_message][vc_column_text css=\u00bb\u00bb]Comienza el Programa Estatal de Respuesta a los Opioides (SOR) II, un programa de prevenci\u00f3n plurianual en colaboraci\u00f3n con AHN y otras agencias y organizaciones.[\/vc_column_text][\/vc_column][vc_column width=\u00bb1\/2&#8243;][\/vc_column][\/vc_row][vc_row gap=\u00bb35&#8243; equal_height=\u00bbyes\u00bb content_placement=\u00bbmiddle\u00bb][vc_column width=\u00bb1\/2&#8243;][\/vc_column][vc_column width=\u00bb1\/2&#8243; el_class=\u00bbtimeline-right\u00bb][vc_message style=\u00bbround\u00bb icon_fontawesome=\u00bbfas fa-chevron-circle-right\u00bb css=\u00bb\u00bb]<\/p>\n<h2>2022<\/h2>\n<p>[\/vc_message][vc_column_text css=\u00bb\u00bb]El Programa COMHPS evoluciona a partir del Proyecto Esperanza de NY.[\/vc_column_text][\/vc_column][\/vc_row][vc_row gap=\u00bb35&#8243; equal_height=\u00bbyes\u00bb content_placement=\u00bbmiddle\u00bb][vc_column width=\u00bb1\/2&#8243; el_class=\u00bbleft-timeline\u00bb][vc_message style=\u00bbround\u00bb icon_fontawesome=\u00bbfas fa-chevron-circle-right\u00bb css=\u00bb\u00bb]<\/p>\n<h2>2023<\/h2>\n<p>[\/vc_message][vc_column_text css=\u00bb\u00bb]El Programa Extraescolar de la Escuela Media HSD comienza con la financiaci\u00f3n de la Fundaci\u00f3n Madre Cabrini para proporcionar apoyo acad\u00e9mico y de asesoramiento.[\/vc_column_text][\/vc_column][vc_column width=\u00bb1\/2&#8243;][\/vc_column][\/vc_row][vc_row gap=\u00bb35&#8243; equal_height=\u00bbyes\u00bb content_placement=\u00bbmiddle\u00bb][vc_column width=\u00bb1\/2&#8243;][\/vc_column][vc_column width=\u00bb1\/2&#8243; el_class=\u00bbtimeline-right\u00bb][vc_message style=\u00bbround\u00bb icon_fontawesome=\u00bbfa fa-solid fa-circle-chevron-right\u00bb css=\u00bb\u00bb]<\/p>\n<h2>2024<\/h2>\n<p>[\/vc_message][vc_column_text css=\u00bb\u00bb]<\/p>\n<ul>\n<li>Comienza la asociaci\u00f3n Amplify entre HCC y Northwell Health, para mejorar la concienciaci\u00f3n sobre la salud mental mediante la formaci\u00f3n y el apoyo a adolescentes y adultos.<\/li>\n<li>El Programa Extraescolar de la Escuela Media del HSD contin\u00faa con la financiaci\u00f3n del Departamento de Educaci\u00f3n de EE.UU. para proporcionar apoyo acad\u00e9mico y de asesoramiento.<\/li>\n<\/ul>\n<p>[\/vc_column_text][\/vc_column][\/vc_row][vc_row el_class=\u00bbtimeline-structure present-day\u00bb css=\u00bb.vc_custom_1727701513044{margin-top: 50px !important;padding-top: 15px !important;padding-bottom: 4rem !important;background-color: #f7f6f2 !important;}\u00bb][vc_column css=\u00bb.vc_custom_1726692376818{padding-top: 0px !important;}\u00bb][vc_column_text css=\u00bb\u00bb]<\/p>\n<p style=\"text-align: center; font-size: 40px; font-weight: bold; color: #bc153b; font-family: 'Erode', sans-serif;\">Presente<\/p>\n<p>[\/vc_column_text][\/vc_column][\/vc_row][vc_row full_width=\u00bbstretch_row\u00bb content_placement=\u00bbmiddle\u00bb el_class=\u00bbbottom-cta white-text\u00bb css=\u00bb.vc_custom_1726260658194{background-color: #b3d2dc !important;}\u00bb][vc_column][vc_row_inner content_placement=\u00bbmiddle\u00bb el_class=\u00bbmiddle-width\u00bb][vc_column_inner width=\u00bb2\/3&#8243;][vc_column_text css=\u00bb\u00bb]<\/p>\n<h2>Comienza tu viaje con<br \/>\n<strong>Centro Hispano de Asesoramiento<\/strong><\/h2>\n<p>[\/vc_column_text][\/vc_column_inner][vc_column_inner width=\u00bb1\/3&#8243;][vc_btn title=\u00bbPonte en contacto\u00bb style=\u00bbflat\u00bb shape=\u00bbround\u00bb color=\u00bbdanger\u00bb align=\u00bbcenter\u00bb css=\u00bb\u00bb link=\u00bburl:https%3A%2F%2Fwww.hispaniccounseling.org%2Fes%2Fponte-en-contacto-con%2F|\u00bb][\/vc_column_inner][\/vc_row_inner][\/vc_column][\/vc_row]<\/p>\n<\/div>","protected":false},"excerpt":{"rendered":"<p>[vc_row full_width=\u00bbstretch_row\u00bb el_class=\u00bbpage-title\u00bb][vc_column][vc_column_text css=\u00bb\u00bb] Nuestra historia [\/vc_column_text][\/vc_column][\/vc_row][vc_row css=\u00bb.vc_custom_1726686875207{padding-top: 4rem !important;}\u00bb][vc_column][vc_row_inner content_placement=\u00bbmiddle\u00bb el_class=\u00bbbigger-text long-emphasis\u00bb][vc_column_inner][vc_column_text css=\u00bb\u00bb el_class=\u00bbh-emphasis\u00bb] La cronolog\u00eda de la agencia relata el crecimiento del Centro Hispano<span class=\"excerpt-hellip\"> [\u2026]<\/span><\/p>\n","protected":false},"author":2,"featured_media":0,"parent":7497,"menu_order":0,"comment_status":"closed","ping_status":"closed","template":"","meta":{"footnotes":""},"class_list":["post-6896","page","type-page","status-publish","hentry"],"yoast_head":"<!-- This site is optimized with the Yoast SEO plugin v25.3 - https:\/\/yoast.com\/wordpress\/plugins\/seo\/ -->\n<title>Historia del Centro Hispano de Asesoramiento | Creado en 1977<\/title>\n<meta name=\"description\" content=\"Descubre la historia del Centro Hispano de Asesoramiento y c\u00f3mo hemos crecido para apoyar a la comunidad de Long Island con servicios vitales.\" \/>\n<meta name=\"robots\" content=\"index, follow, max-snippet:-1, max-image-preview:large, max-video-preview:-1\" \/>\n<link rel=\"canonical\" href=\"https:\/\/www.hispaniccounseling.org\/es\/quienes-somos\/nuestra-historia\/\" \/>\n<meta property=\"og:locale\" content=\"es_ES\" \/>\n<meta property=\"og:type\" content=\"article\" \/>\n<meta property=\"og:title\" content=\"Historia del Centro Hispano de Asesoramiento | Creado en 1977\" \/>\n<meta property=\"og:description\" content=\"Descubre la historia del Centro Hispano de Asesoramiento y c\u00f3mo hemos crecido para apoyar a la comunidad de Long Island con servicios vitales.\" \/>\n<meta property=\"og:url\" content=\"https:\/\/www.hispaniccounseling.org\/es\/quienes-somos\/nuestra-historia\/\" \/>\n<meta property=\"og:site_name\" content=\"Hispanic Counseling Center\" \/>\n<meta property=\"article:modified_time\" content=\"2025-06-18T07:30:37+00:00\" \/>\n<meta name=\"twitter:card\" content=\"summary_large_image\" \/>\n<meta name=\"twitter:label1\" content=\"Est. reading time\" \/>\n\t<meta name=\"twitter:data1\" content=\"11 minutos\" \/>\n<script type=\"application\/ld+json\" class=\"yoast-schema-graph\">{\"@context\":\"https:\/\/schema.org\",\"@graph\":[{\"@type\":\"WebPage\",\"@id\":\"https:\/\/www.hispaniccounseling.org\/es\/quienes-somos\/nuestra-historia\/\",\"url\":\"https:\/\/www.hispaniccounseling.org\/es\/quienes-somos\/nuestra-historia\/\",\"name\":\"Historia del Centro Hispano de Asesoramiento | Creado en 1977\",\"isPartOf\":{\"@id\":\"https:\/\/www.hispaniccounseling.org\/#website\"},\"datePublished\":\"2024-09-17T20:54:23+00:00\",\"dateModified\":\"2025-06-18T07:30:37+00:00\",\"description\":\"Descubre la historia del Centro Hispano de Asesoramiento y c\u00f3mo hemos crecido para apoyar a la comunidad de Long Island con servicios vitales.\",\"breadcrumb\":{\"@id\":\"https:\/\/www.hispaniccounseling.org\/es\/quienes-somos\/nuestra-historia\/#breadcrumb\"},\"inLanguage\":\"es\",\"potentialAction\":[{\"@type\":\"ReadAction\",\"target\":[\"https:\/\/www.hispaniccounseling.org\/es\/quienes-somos\/nuestra-historia\/\"]}]},{\"@type\":\"BreadcrumbList\",\"@id\":\"https:\/\/www.hispaniccounseling.org\/es\/quienes-somos\/nuestra-historia\/#breadcrumb\",\"itemListElement\":[{\"@type\":\"ListItem\",\"position\":1,\"name\":\"Inicio\",\"item\":\"https:\/\/www.hispaniccounseling.org\/es\/centro-hispano-de-asesoramiento\/\"},{\"@type\":\"ListItem\",\"position\":2,\"name\":\"Qui\u00e9nes somos\",\"item\":\"https:\/\/www.hispaniccounseling.org\/es\/quienes-somos\/\"},{\"@type\":\"ListItem\",\"position\":3,\"name\":\"Nuestra historia\"}]},{\"@type\":\"WebSite\",\"@id\":\"https:\/\/www.hispaniccounseling.org\/#website\",\"url\":\"https:\/\/www.hispaniccounseling.org\/\",\"name\":\"Hispanic Counseling Center\",\"description\":\"\",\"potentialAction\":[{\"@type\":\"SearchAction\",\"target\":{\"@type\":\"EntryPoint\",\"urlTemplate\":\"https:\/\/www.hispaniccounseling.org\/?s={search_term_string}\"},\"query-input\":{\"@type\":\"PropertyValueSpecification\",\"valueRequired\":true,\"valueName\":\"search_term_string\"}}],\"inLanguage\":\"es\"}]}<\/script>\n<!-- \/ Yoast SEO plugin. -->","yoast_head_json":{"title":"Historia del Centro Hispano de Asesoramiento | Creado en 1977","description":"Descubre la historia del Centro Hispano de Asesoramiento y c\u00f3mo hemos crecido para apoyar a la comunidad de Long Island con servicios vitales.","robots":{"index":"index","follow":"follow","max-snippet":"max-snippet:-1","max-image-preview":"max-image-preview:large","max-video-preview":"max-video-preview:-1"},"canonical":"https:\/\/www.hispaniccounseling.org\/es\/quienes-somos\/nuestra-historia\/","og_locale":"es_ES","og_type":"article","og_title":"Historia del Centro Hispano de Asesoramiento | Creado en 1977","og_description":"Descubre la historia del Centro Hispano de Asesoramiento y c\u00f3mo hemos crecido para apoyar a la comunidad de Long Island con servicios vitales.","og_url":"https:\/\/www.hispaniccounseling.org\/es\/quienes-somos\/nuestra-historia\/","og_site_name":"Hispanic Counseling Center","article_modified_time":"2025-06-18T07:30:37+00:00","twitter_card":"summary_large_image","twitter_misc":{"Est. reading time":"11 minutos"},"schema":{"@context":"https:\/\/schema.org","@graph":[{"@type":"WebPage","@id":"https:\/\/www.hispaniccounseling.org\/es\/quienes-somos\/nuestra-historia\/","url":"https:\/\/www.hispaniccounseling.org\/es\/quienes-somos\/nuestra-historia\/","name":"Historia del Centro Hispano de Asesoramiento | Creado en 1977","isPartOf":{"@id":"https:\/\/www.hispaniccounseling.org\/#website"},"datePublished":"2024-09-17T20:54:23+00:00","dateModified":"2025-06-18T07:30:37+00:00","description":"Descubre la historia del Centro Hispano de Asesoramiento y c\u00f3mo hemos crecido para apoyar a la comunidad de Long Island con servicios vitales.","breadcrumb":{"@id":"https:\/\/www.hispaniccounseling.org\/es\/quienes-somos\/nuestra-historia\/#breadcrumb"},"inLanguage":"es","potentialAction":[{"@type":"ReadAction","target":["https:\/\/www.hispaniccounseling.org\/es\/quienes-somos\/nuestra-historia\/"]}]},{"@type":"BreadcrumbList","@id":"https:\/\/www.hispaniccounseling.org\/es\/quienes-somos\/nuestra-historia\/#breadcrumb","itemListElement":[{"@type":"ListItem","position":1,"name":"Inicio","item":"https:\/\/www.hispaniccounseling.org\/es\/centro-hispano-de-asesoramiento\/"},{"@type":"ListItem","position":2,"name":"Qui\u00e9nes somos","item":"https:\/\/www.hispaniccounseling.org\/es\/quienes-somos\/"},{"@type":"ListItem","position":3,"name":"Nuestra historia"}]},{"@type":"WebSite","@id":"https:\/\/www.hispaniccounseling.org\/#website","url":"https:\/\/www.hispaniccounseling.org\/","name":"Hispanic Counseling Center","description":"","potentialAction":[{"@type":"SearchAction","target":{"@type":"EntryPoint","urlTemplate":"https:\/\/www.hispaniccounseling.org\/?s={search_term_string}"},"query-input":{"@type":"PropertyValueSpecification","valueRequired":true,"valueName":"search_term_string"}}],"inLanguage":"es"}]}},"featured_image_src":null,"featured_image_src_square":null,"_links":{"self":[{"href":"https:\/\/www.hispaniccounseling.org\/es\/wp-json\/wp\/v2\/pages\/6896","targetHints":{"allow":["GET"]}}],"collection":[{"href":"https:\/\/www.hispaniccounseling.org\/es\/wp-json\/wp\/v2\/pages"}],"about":[{"href":"https:\/\/www.hispaniccounseling.org\/es\/wp-json\/wp\/v2\/types\/page"}],"author":[{"embeddable":true,"href":"https:\/\/www.hispaniccounseling.org\/es\/wp-json\/wp\/v2\/users\/2"}],"replies":[{"embeddable":true,"href":"https:\/\/www.hispaniccounseling.org\/es\/wp-json\/wp\/v2\/comments?post=6896"}],"version-history":[{"count":0,"href":"https:\/\/www.hispaniccounseling.org\/es\/wp-json\/wp\/v2\/pages\/6896\/revisions"}],"up":[{"embeddable":true,"href":"https:\/\/www.hispaniccounseling.org\/es\/wp-json\/wp\/v2\/pages\/7497"}],"wp:attachment":[{"href":"https:\/\/www.hispaniccounseling.org\/es\/wp-json\/wp\/v2\/media?parent=6896"}],"curies":[{"name":"wp","href":"https:\/\/api.w.org\/{rel}","templated":true}]}}