{"id":6901,"date":"2024-07-18T13:47:50","date_gmt":"2024-07-18T17:47:50","guid":{"rendered":"https:\/\/www.hispaniccounseling.org\/programa-de-vivienda-de-apoyo\/"},"modified":"2025-06-18T03:30:32","modified_gmt":"2025-06-18T07:30:32","slug":"programa-de-vivienda-de-apoyo","status":"publish","type":"page","link":"https:\/\/www.hispaniccounseling.org\/es\/como-ayudamos\/programa-de-vivienda-de-apoyo\/","title":{"rendered":"Programa de Vivienda de Apoyo"},"content":{"rendered":"<div class=\"wpb-content-wrapper\"><p>[vc_row full_width=\u00bbstretch_row\u00bb el_class=\u00bbpage-title\u00bb][vc_column][vc_column_text css=\u00bb\u00bb]<\/p>\n<p style=\"text-align: center;\">Servicios<\/p>\n<p>[\/vc_column_text][vc_column_text css=\u00bb\u00bb]<\/p>\n<h1 style=\"text-align: center;\">Programa de Vivienda de Apoyo<\/h1>\n<p>[\/vc_column_text][\/vc_column][\/vc_row][vc_row css=\u00bb.vc_custom_1720731385754{border-top-width: 1px !important;border-right-width: 1px !important;border-bottom-width: 1px !important;border-left-width: 1px !important;border-left-style: solid !important;border-right-style: solid !important;border-top-style: solid !important;border-bottom-style: solid !important;border-radius: 25px !important;border-color: #0a0a0a !important;}\u00bb el_id=\u00bbvisi\u00f3n general del programa\u00bb][vc_column][vc_row_inner css=\u00bb.vc_custom_1720731188875{margin-bottom: 0px !important;}\u00bb][vc_column_inner width=\u00bb1\/2&#8243;][vc_column_text css=\u00bb\u00bb]<\/p>\n<h2 style=\"text-align: left;\"><em>Visi\u00f3n general<\/em> del programa<\/h2>\n<p style=\"text-align: left;\">El Hispanic Counseling Center (HCC), Scattered-Site Supportive Housing Program (SHP), apoya a los clientes adultos con enfermedades mentales en la dif\u00edcil tarea de encontrar oportunidades de vivienda adecuadas y les ayuda a conseguir una vivienda permanente.<\/p>\n<p><a href=\"https:\/\/www.nassaucountyny.gov\/1723\/Single-Point-of-Access-for-Housing\" target=\"_blank\" rel=\"noopener\">Informaci\u00f3n sobre la solicitud de vivienda  &gt;<\/a>[\/vc_column_text][vc_btn title=\u00bbPonte en contacto\u00bb style=\u00bbflat\u00bb shape=\u00bbround\u00bb color=\u00bbdanger\u00bb align=\u00bbleft\u00bb css=\u00bb\u00bb link=\u00bburl:https%3A%2F%2Fwww.hispaniccounseling.org%2Fes%2Fponte-en-contacto-con%2F|\u00bb][vc_column_text css=\u00bb\u00bb el_class=\u00bbfunded-by\u00bb]<em>Financiaci\u00f3n proporcionada por la Oficina de Salud Mental del Estado de Nueva York<\/em>[\/vc_column_text][\/vc_column_inner][vc_column_inner width=\u00bb1\/4&#8243;][vc_column_text css=\u00bb\u00bb]<strong>Coordinadora de Viviendas de Apoyo<\/strong><\/p>\n<p>Ingrid Almonte, BS<br \/>\n 516-538-2613 Ext. 207<br \/>\n<a href=\"mailto:ialmonte@hispaniccounseling.org\">ialmonte@hispaniccounseling.org<\/a>[\/vc_column_text][\/vc_column_inner][vc_column_inner width=\u00bb1\/4&#8243;][vc_column_text css=\u00bb\u00bb]<strong>Ubicaci\u00f3n<\/strong><\/p>\n<p>Condado de Nassau[\/vc_column_text][\/vc_column_inner][\/vc_row_inner][\/vc_column][\/vc_row][vc_row el_id=\u00bbprograma-info\u00bb][vc_column width=\u00bb1\/2&#8243;][vc_column_text css_animation=\u00bbnone\u00bb css=\u00bb\u00bb el_class=\u00bbfade-pls\u00bb]<\/p>\n<h2>La <em>Raz\u00f3n<\/em><\/h2>\n<p>El Programa de Viviendas de Apoyo ayuda a disminuir la disparidad de los adultos de salud mental con bajos ingresos que tienen dificultades para encontrar y conservar una vivienda segura y asequible.[\/vc_column_text][vc_column_text css_animation=\u00bbnone\u00bb css=\u00bb\u00bb el_class=\u00bbfade-pls\u00bb]<\/p>\n<h2>La <em>soluci\u00f3n<\/em><\/h2>\n<p>El Programa de Viviendas de Apoyo ayuda a los clientes que est\u00e1n preparados para vivir de forma independiente proporcion\u00e1ndoles un estipendio mensual para el alquiler y servicios de apoyo y derivaci\u00f3n. Esto garantiza que los clientes puedan permanecer alojados y prosperar en la comunidad.[\/vc_column_text][vc_column_text css=\u00bb\u00bb el_class=\u00bbfade-pls\u00bb]<\/p>\n<h2>La <em>aplicaci\u00f3n<\/em><\/h2>\n<p>El Programa de Viviendas de Apoyo ofrece a los clientes la oportunidad de vivir de forma independiente y disfrutar de los mismos derechos que cualquier otro inquilino de la comunidad. El programa ofrece apartamentos repartidos por todo el condado de Nassau y presta servicios centrados en la persona y adaptados a las necesidades del cliente. El personal de Viviendas de Apoyo se re\u00fane con los clientes una o m\u00e1s veces al mes para coordinar los servicios.[\/vc_column_text][\/vc_column][vc_column width=\u00bb1\/2&#8243; el_class=\u00bbsticky-column\u00bb][vc_single_image image=\u00bb5067&#8243; img_size=\u00bbfull\u00bb css=\u00bb\u00bb][\/vc_column][\/vc_row][vc_row full_width=\u00bbstretch_row\u00bb css=\u00bb.vc_custom_1721057371071{background-position: 0 0 !important;background-repeat: repeat !important;}\u00bb el_class=\u00bbtestimonials\u00bb][vc_column][vc_row_inner el_class=\u00bbback-graphic\u00bb][vc_column_inner width=\u00bb2\/12&#8243;][\/vc_column_inner][vc_column_inner el_class=\u00bbtestimonial\u00bb width=\u00bb8\/12&#8243;][vc_column_text css=\u00bb\u00bb]<\/p>\n<h2 style=\"text-align: center;\"><em>Testimonio<\/em><\/h2>\n<p>[\/vc_column_text]<div class=\"blockquote\"><span class=\"mfn-blockquote-icon\"><i class=\"icon-quote\" aria-hidden=\"true\"><\/i><\/span><blockquote class=\"mfn-inline-editor\">\u201cAhora soy una persona m\u00e1s feliz gracias al Centro Hispano de Asesoramiento. Antes viv\u00eda en un albergue, estaba deprimida todo el tiempo y apenas ten\u00eda contacto con la familia, y mi vida era un desastre. Pero tener mi propio apartamento me ha cambiado literalmente la vida. Me encanta mi piso y, sobre todo, \u00a1ahora mis hijas pueden visitarme y traer a mis nietos de visita! No pod\u00eda hacer eso en un centro de acogida\u201d.<\/blockquote><p class=\"author\"><i class=\"icon-user\"><\/i><span>R. Negr\u00f3n<\/span><\/p><\/div>\n[vc_btn title=\u00bbVer m\u00e1s testimonios\u00bb style=\u00bbflat\u00bb shape=\u00bbround\u00bb size=\u00bbsm\u00bb align=\u00bbcenter\u00bb css=\u00bb.vc_custom_1749229072363{margin-top: 22px !important;}\u00bb link=\u00bburl:https%3A%2F%2Fwww.hispaniccounseling.org%2Fes%2Ftestimonios%2F|title:Testimonios|\u00bb][\/vc_column_inner][vc_column_inner width=\u00bb2\/12&#8243;][\/vc_column_inner][\/vc_row_inner][\/vc_column][\/vc_row][vc_row full_width=\u00bbstretch_row\u00bb content_placement=\u00bbmiddle\u00bb el_class=\u00bbbottom-cta black-p\u00bb css=\u00bb.vc_custom_1736955045406{background-color: #b3d2dc !important;}\u00bb][vc_column][vc_row_inner content_placement=\u00bbmiddle\u00bb][vc_column_inner width=\u00bb2\/3&#8243;][vc_column_text css=\u00bb\u00bb el_class=\u00bblong-emphasis\u00bb]<\/p>\n<h2><em>Empieza con HCC<\/em><\/h2>\n<p>Punto \u00fanico de acceso a la informaci\u00f3n y solicitud de vivienda:  <a href=\"https:\/\/www.spahousingli.org\">https:\/\/www.spahousingli.org<\/a><\/p>\n<p>Informaci\u00f3n sobre el Punto de Acceso \u00danico del Condado de Nassau: <a href=\"https:\/\/www.nassaucountyny.gov\/1723\/Single-Point-of-Access-for-Housing\">https:\/\/www.nassaucountyny.gov\/1723\/Single-Point-of-Access-for-Housing<\/a><\/p>\n<p>Coordinador de Vivienda de Apoyo de HCC en el 516-538-2613 Ext. 207.[\/vc_column_text][\/vc_column_inner][vc_column_inner width=\u00bb1\/3&#8243;][vc_btn title=\u00bbPonte en contacto\u00bb style=\u00bbflat\u00bb shape=\u00bbround\u00bb color=\u00bbdanger\u00bb align=\u00bbcenter\u00bb css=\u00bb\u00bb link=\u00bburl:https%3A%2F%2Fwww.hispaniccounseling.org%2Fes%2Fponte-en-contacto-con%2F|\u00bb][\/vc_column_inner][\/vc_row_inner][\/vc_column][\/vc_row][vc_row el_class=\u00bbyellow-theme\u00bb][vc_column][\/vc_column][\/vc_row]<\/p>\n<\/div>","protected":false},"excerpt":{"rendered":"<p>[vc_row full_width=\u00bbstretch_row\u00bb el_class=\u00bbpage-title\u00bb][vc_column][vc_column_text css=\u00bb\u00bb] Servicios [\/vc_column_text][vc_column_text css=\u00bb\u00bb] Programa de Vivienda de Apoyo [\/vc_column_text][\/vc_column][\/vc_row][vc_row css=\u00bb.vc_custom_1720731385754{border-top-width: 1px !important;border-right-width: 1px !important;border-bottom-width: 1px !important;border-left-width: 1px !important;border-left-style: solid !important;border-right-style: solid !important;border-top-style:<span class=\"excerpt-hellip\"> [\u2026]<\/span><\/p>\n","protected":false},"author":2,"featured_media":0,"parent":7494,"menu_order":0,"comment_status":"closed","ping_status":"closed","template":"","meta":{"footnotes":""},"class_list":["post-6901","page","type-page","status-publish","hentry"],"yoast_head":"<!-- This site is optimized with the Yoast SEO plugin v25.3 - https:\/\/yoast.com\/wordpress\/plugins\/seo\/ -->\n<title>Programa de Vivienda de Apoyo | Centro Hispano de Asesoramiento<\/title>\n<meta name=\"description\" content=\"El Programa de Viviendas de Apoyo de HCC ayuda a los adultos que est\u00e1n preparados para vivir de forma independiente con una vivienda segura y asequible. M\u00e1s informaci\u00f3n.\" \/>\n<meta name=\"robots\" content=\"index, follow, max-snippet:-1, max-image-preview:large, max-video-preview:-1\" \/>\n<link rel=\"canonical\" href=\"https:\/\/www.hispaniccounseling.org\/es\/como-ayudamos\/programa-de-vivienda-de-apoyo\/\" \/>\n<meta property=\"og:locale\" content=\"es_ES\" \/>\n<meta property=\"og:type\" content=\"article\" \/>\n<meta property=\"og:title\" content=\"Programa de Vivienda de Apoyo | Centro Hispano de Asesoramiento\" \/>\n<meta property=\"og:description\" content=\"El Programa de Viviendas de Apoyo de HCC ayuda a los adultos que est\u00e1n preparados para vivir de forma independiente con una vivienda segura y asequible. M\u00e1s informaci\u00f3n.\" \/>\n<meta property=\"og:url\" content=\"https:\/\/www.hispaniccounseling.org\/es\/como-ayudamos\/programa-de-vivienda-de-apoyo\/\" \/>\n<meta property=\"og:site_name\" content=\"Hispanic Counseling Center\" \/>\n<meta property=\"article:modified_time\" content=\"2025-06-18T07:30:32+00:00\" \/>\n<meta name=\"twitter:card\" content=\"summary_large_image\" \/>\n<meta name=\"twitter:label1\" content=\"Est. reading time\" \/>\n\t<meta name=\"twitter:data1\" content=\"4 minutos\" \/>\n<script type=\"application\/ld+json\" class=\"yoast-schema-graph\">{\"@context\":\"https:\/\/schema.org\",\"@graph\":[{\"@type\":\"WebPage\",\"@id\":\"https:\/\/www.hispaniccounseling.org\/es\/como-ayudamos\/programa-de-vivienda-de-apoyo\/\",\"url\":\"https:\/\/www.hispaniccounseling.org\/es\/como-ayudamos\/programa-de-vivienda-de-apoyo\/\",\"name\":\"Programa de Vivienda de Apoyo | Centro Hispano de Asesoramiento\",\"isPartOf\":{\"@id\":\"https:\/\/www.hispaniccounseling.org\/#website\"},\"datePublished\":\"2024-07-18T17:47:50+00:00\",\"dateModified\":\"2025-06-18T07:30:32+00:00\",\"description\":\"El Programa de Viviendas de Apoyo de HCC ayuda a los adultos que est\u00e1n preparados para vivir de forma independiente con una vivienda segura y asequible. M\u00e1s informaci\u00f3n.\",\"breadcrumb\":{\"@id\":\"https:\/\/www.hispaniccounseling.org\/es\/como-ayudamos\/programa-de-vivienda-de-apoyo\/#breadcrumb\"},\"inLanguage\":\"es\",\"potentialAction\":[{\"@type\":\"ReadAction\",\"target\":[\"https:\/\/www.hispaniccounseling.org\/es\/como-ayudamos\/programa-de-vivienda-de-apoyo\/\"]}]},{\"@type\":\"BreadcrumbList\",\"@id\":\"https:\/\/www.hispaniccounseling.org\/es\/como-ayudamos\/programa-de-vivienda-de-apoyo\/#breadcrumb\",\"itemListElement\":[{\"@type\":\"ListItem\",\"position\":1,\"name\":\"Inicio\",\"item\":\"https:\/\/www.hispaniccounseling.org\/es\/centro-hispano-de-asesoramiento\/\"},{\"@type\":\"ListItem\",\"position\":2,\"name\":\"C\u00f3mo ayudamos\",\"item\":\"https:\/\/www.hispaniccounseling.org\/es\/como-ayudamos\/\"},{\"@type\":\"ListItem\",\"position\":3,\"name\":\"Programa de Vivienda de Apoyo\"}]},{\"@type\":\"WebSite\",\"@id\":\"https:\/\/www.hispaniccounseling.org\/#website\",\"url\":\"https:\/\/www.hispaniccounseling.org\/\",\"name\":\"Hispanic Counseling Center\",\"description\":\"\",\"potentialAction\":[{\"@type\":\"SearchAction\",\"target\":{\"@type\":\"EntryPoint\",\"urlTemplate\":\"https:\/\/www.hispaniccounseling.org\/?s={search_term_string}\"},\"query-input\":{\"@type\":\"PropertyValueSpecification\",\"valueRequired\":true,\"valueName\":\"search_term_string\"}}],\"inLanguage\":\"es\"}]}<\/script>\n<!-- \/ Yoast SEO plugin. -->","yoast_head_json":{"title":"Programa de Vivienda de Apoyo | Centro Hispano de Asesoramiento","description":"El Programa de Viviendas de Apoyo de HCC ayuda a los adultos que est\u00e1n preparados para vivir de forma independiente con una vivienda segura y asequible. M\u00e1s informaci\u00f3n.","robots":{"index":"index","follow":"follow","max-snippet":"max-snippet:-1","max-image-preview":"max-image-preview:large","max-video-preview":"max-video-preview:-1"},"canonical":"https:\/\/www.hispaniccounseling.org\/es\/como-ayudamos\/programa-de-vivienda-de-apoyo\/","og_locale":"es_ES","og_type":"article","og_title":"Programa de Vivienda de Apoyo | Centro Hispano de Asesoramiento","og_description":"El Programa de Viviendas de Apoyo de HCC ayuda a los adultos que est\u00e1n preparados para vivir de forma independiente con una vivienda segura y asequible. M\u00e1s informaci\u00f3n.","og_url":"https:\/\/www.hispaniccounseling.org\/es\/como-ayudamos\/programa-de-vivienda-de-apoyo\/","og_site_name":"Hispanic Counseling Center","article_modified_time":"2025-06-18T07:30:32+00:00","twitter_card":"summary_large_image","twitter_misc":{"Est. reading time":"4 minutos"},"schema":{"@context":"https:\/\/schema.org","@graph":[{"@type":"WebPage","@id":"https:\/\/www.hispaniccounseling.org\/es\/como-ayudamos\/programa-de-vivienda-de-apoyo\/","url":"https:\/\/www.hispaniccounseling.org\/es\/como-ayudamos\/programa-de-vivienda-de-apoyo\/","name":"Programa de Vivienda de Apoyo | Centro Hispano de Asesoramiento","isPartOf":{"@id":"https:\/\/www.hispaniccounseling.org\/#website"},"datePublished":"2024-07-18T17:47:50+00:00","dateModified":"2025-06-18T07:30:32+00:00","description":"El Programa de Viviendas de Apoyo de HCC ayuda a los adultos que est\u00e1n preparados para vivir de forma independiente con una vivienda segura y asequible. M\u00e1s informaci\u00f3n.","breadcrumb":{"@id":"https:\/\/www.hispaniccounseling.org\/es\/como-ayudamos\/programa-de-vivienda-de-apoyo\/#breadcrumb"},"inLanguage":"es","potentialAction":[{"@type":"ReadAction","target":["https:\/\/www.hispaniccounseling.org\/es\/como-ayudamos\/programa-de-vivienda-de-apoyo\/"]}]},{"@type":"BreadcrumbList","@id":"https:\/\/www.hispaniccounseling.org\/es\/como-ayudamos\/programa-de-vivienda-de-apoyo\/#breadcrumb","itemListElement":[{"@type":"ListItem","position":1,"name":"Inicio","item":"https:\/\/www.hispaniccounseling.org\/es\/centro-hispano-de-asesoramiento\/"},{"@type":"ListItem","position":2,"name":"C\u00f3mo ayudamos","item":"https:\/\/www.hispaniccounseling.org\/es\/como-ayudamos\/"},{"@type":"ListItem","position":3,"name":"Programa de Vivienda de Apoyo"}]},{"@type":"WebSite","@id":"https:\/\/www.hispaniccounseling.org\/#website","url":"https:\/\/www.hispaniccounseling.org\/","name":"Hispanic Counseling Center","description":"","potentialAction":[{"@type":"SearchAction","target":{"@type":"EntryPoint","urlTemplate":"https:\/\/www.hispaniccounseling.org\/?s={search_term_string}"},"query-input":{"@type":"PropertyValueSpecification","valueRequired":true,"valueName":"search_term_string"}}],"inLanguage":"es"}]}},"featured_image_src":null,"featured_image_src_square":null,"_links":{"self":[{"href":"https:\/\/www.hispaniccounseling.org\/es\/wp-json\/wp\/v2\/pages\/6901","targetHints":{"allow":["GET"]}}],"collection":[{"href":"https:\/\/www.hispaniccounseling.org\/es\/wp-json\/wp\/v2\/pages"}],"about":[{"href":"https:\/\/www.hispaniccounseling.org\/es\/wp-json\/wp\/v2\/types\/page"}],"author":[{"embeddable":true,"href":"https:\/\/www.hispaniccounseling.org\/es\/wp-json\/wp\/v2\/users\/2"}],"replies":[{"embeddable":true,"href":"https:\/\/www.hispaniccounseling.org\/es\/wp-json\/wp\/v2\/comments?post=6901"}],"version-history":[{"count":0,"href":"https:\/\/www.hispaniccounseling.org\/es\/wp-json\/wp\/v2\/pages\/6901\/revisions"}],"up":[{"embeddable":true,"href":"https:\/\/www.hispaniccounseling.org\/es\/wp-json\/wp\/v2\/pages\/7494"}],"wp:attachment":[{"href":"https:\/\/www.hispaniccounseling.org\/es\/wp-json\/wp\/v2\/media?parent=6901"}],"curies":[{"name":"wp","href":"https:\/\/api.w.org\/{rel}","templated":true}]}}