{"id":6903,"date":"2024-07-16T14:36:02","date_gmt":"2024-07-16T18:36:02","guid":{"rendered":"https:\/\/www.hispaniccounseling.org\/iniciativa-regional-de-servicios-de-prevencion-y-apoyo-rpssi\/"},"modified":"2025-06-18T03:30:31","modified_gmt":"2025-06-18T07:30:31","slug":"iniciativa-regional-de-servicios-de-prevencion-y-apoyo-rpssi","status":"publish","type":"page","link":"https:\/\/www.hispaniccounseling.org\/es\/como-ayudamos\/iniciativa-regional-de-servicios-de-prevencion-y-apoyo-rpssi\/","title":{"rendered":"Iniciativa Regional de Servicios de Prevenci\u00f3n y Apoyo (RPSSI)"},"content":{"rendered":"<div class=\"wpb-content-wrapper\"><p>[vc_row full_width=\u00bbstretch_row\u00bb el_class=\u00bbpage-title\u00bb][vc_column][vc_column_text css=\u00bb\u00bb]<\/p>\n<p style=\"text-align: center;\">Servicios<\/p>\n<p>[\/vc_column_text][vc_column_text css=\u00bb\u00bb]<\/p>\n<h1 style=\"text-align: center;\">Iniciativa Regional de Servicios de Prevenci\u00f3n y Apoyo (RPSSI)<\/h1>\n<p>[\/vc_column_text][\/vc_column][\/vc_row][vc_row css=\u00bb.vc_custom_1720731385754{border-top-width: 1px !important;border-right-width: 1px !important;border-bottom-width: 1px !important;border-left-width: 1px !important;border-left-style: solid !important;border-right-style: solid !important;border-top-style: solid !important;border-bottom-style: solid !important;border-radius: 25px !important;border-color: #0a0a0a !important;}\u00bb el_id=\u00bbvisi\u00f3n general del programa\u00bb][vc_column][vc_row_inner css=\u00bb.vc_custom_1720731188875{margin-bottom: 0px !important;}\u00bb][vc_column_inner width=\u00bb1\/2&#8243;][vc_column_text css=\u00bb\u00bb]<\/p>\n<h2 style=\"text-align: left;\"><em>Visi\u00f3n general<\/em> del programa<\/h2>\n<p>El RPSSI proporciona gesti\u00f3n de casos a las personas que se inscriben en el programa. El programa se centra en disminuir el riesgo de nuevas infecciones por VIH en personas con riesgo de contraer VIH, Hepatitis C e infecciones de transmisi\u00f3n sexual. Se sigui\u00f3 ofreciendo a los clientes acceso y concienciaci\u00f3n sobre el uso de PEP (Profilaxis Postexposici\u00f3n), que significa tomar medicamentos para prevenir el VIH tras una posible exposici\u00f3n, y PrEP (Profilaxis Preexposici\u00f3n) para la prevenci\u00f3n del VIH en personas de riesgo.[\/vc_column_text][vc_btn title=\u00bbPonte en contacto\u00bb style=\u00bbflat\u00bb shape=\u00bbround\u00bb color=\u00bbdanger\u00bb align=\u00bbleft\u00bb css=\u00bb\u00bb link=\u00bburl:https%3A%2F%2Fwww.hispaniccounseling.org%2Fes%2Fponte-en-contacto-con%2F|\u00bb][vc_column_text css=\u00bb\u00bb]<a href=\"\/wp-content\/uploads\/2025\/01\/RPSSI-Flyer-updated-2024.pdf\" target=\"_blank\" rel=\"noopener\">Ver folleto  &gt;<\/a>[\/vc_column_text][\/vc_column_inner][vc_column_inner width=\u00bb1\/4&#8243;][vc_column_text css=\u00bb\u00bb]<strong>Ubicaci\u00f3n<\/strong><\/p>\n<p>Condado de Nassau[\/vc_column_text][vc_column_text css=\u00bb\u00bb]<strong>Trabajadora sanitaria comunitaria<\/strong><\/p>\n<p>Yessi Torres<br \/>\n<a href=\"tel:5165079057\">(516) 538-2613<\/a> Ext. 286<br \/>\n<a href=\"mailto:ytorres@hispaniccounseling.org\"><u>ytorres@hispaniccounseling.org<\/u><\/a>[\/vc_column_text][\/vc_column_inner][vc_column_inner width=\u00bb1\/4&#8243;][vc_column_text css=\u00bb\u00bb]<strong>Cualificaciones<\/strong><\/p>\n<p>Cualquier miembro de la comunidad puede participar en el programa RPSSI, independientemente de su raza, sexo, etnia y situaci\u00f3n legal. Las personas tienen que ser residentes del condado de Nassau y estar en riesgo o necesitar pruebas[\/vc_column_text][\/vc_column_inner][\/vc_row_inner][vc_column_text css=\u00bb\u00bb el_class=\u00bbfunded-by\u00bb]Durante 2023, el HCC continu\u00f3 el tercer a\u00f1o del programa RPSSI en colaboraci\u00f3n con Northwell Health y el Centro Universitario North Shore para la Investigaci\u00f3n y el Tratamiento del SIDA (CART). El HCC se enorgullece de ser socio de este esfuerzo multiorganizativo llevado a cabo por hospitales, cl\u00ednicas y organizaciones comunitarias del condado de Nassau. En 2023, se atendi\u00f3 e inscribi\u00f3 a 87 clientes. 219 clientes recibieron servicios durante el a\u00f1o y fueron incluidos en el sistema electr\u00f3nico RedCap. Se lleg\u00f3 a 300 clientes y se les inform\u00f3 sobre los servicios del programa RPSSI.[\/vc_column_text][\/vc_column][\/vc_row][vc_row el_id=\u00bbprograma-info\u00bb][vc_column width=\u00bb1\/2&#8243;][vc_column_text css_animation=\u00bbnone\u00bb css=\u00bb\u00bb el_class=\u00bbfade-pls\u00bb]<\/p>\n<h2>La <em>Raz\u00f3n<\/em><\/h2>\n<p>El Programa RPSSI es muy necesario en la comunidad. Permite al trabajador del programa educar y llegar a la comunidad para prevenir la propagaci\u00f3n del VIH y las ETS.<br \/>\nLa implantaci\u00f3n del RPSSI en la comunidad crea relaciones con los proveedores m\u00e9dicos, los gestores de casos y contin\u00faa el proceso de derivaci\u00f3n para la realizaci\u00f3n de pruebas y otros servicios.[\/vc_column_text][vc_column_text css_animation=\u00bbnone\u00bb css=\u00bb\u00bb el_class=\u00bbfade-pls\u00bb]<\/p>\n<h2>La <em>soluci\u00f3n<\/em><\/h2>\n<p>Las personas de la comunidad afectadas por el VIH y las ETS son remitidas a cl\u00ednicas m\u00e9dicas y servicios de salud mental, y tambi\u00e9n se las pone en contacto con otros servicios concretos muy necesarios, como despensas de alimentos, vivienda y cualquier otra necesidad que puedan tener.[\/vc_column_text][vc_column_text css=\u00bb\u00bb el_class=\u00bbfade-pls\u00bb]<\/p>\n<h2>La <em>aplicaci\u00f3n<\/em><\/h2>\n<p>A los clientes que se inscriben en el programa RPSSI se les anima a acudir a una cl\u00ednica para someterse a las pruebas. Tras someterse a la prueba en la cl\u00ednica, si el diagn\u00f3stico es positivo, se les conecta a los servicios\/tratamiento en los que se les asigna un gestor de casos, y despu\u00e9s tambi\u00e9n se les conecta a otros servicios concretos que puedan necesitar. A continuaci\u00f3n, los clientes se registran en la base de datos RedCap de los programas RPSSI y se realiza un seguimiento durante 3-6 meses para garantizar el cumplimiento del tratamiento.[\/vc_column_text][\/vc_column][vc_column width=\u00bb1\/2&#8243; el_class=\u00bbsticky-column\u00bb][vc_single_image image=\u00bb130&#8243; img_size=\u00bbfull\u00bb css=\u00bb\u00bb][vc_single_image image=\u00bb129&#8243; img_size=\u00bbfull\u00bb css=\u00bb\u00bb][\/vc_column][\/vc_row][vc_row full_width=\u00bbstretch_row\u00bb css=\u00bb.vc_custom_1721057360984{background-position: 0 0 !important;background-repeat: repeat !important;}\u00bb el_class=\u00bbtestimonials\u00bb][vc_column][vc_row_inner el_class=\u00bbback-graphic\u00bb][vc_column_inner width=\u00bb2\/12&#8243;][\/vc_column_inner][vc_column_inner el_class=\u00bbtestimonial\u00bb width=\u00bb8\/12&#8243;][vc_column_text css=\u00bb\u00bb]<\/p>\n<h2 style=\"text-align: center;\"><em>Testimonios<\/em><\/h2>\n<p>[\/vc_column_text]<div class=\"blockquote\"><span class=\"mfn-blockquote-icon\"><i class=\"icon-quote\" aria-hidden=\"true\"><\/i><\/span><blockquote class=\"mfn-inline-editor\">\u201cBuenas tardes, quiero compartir mi testimonio para ayudar a las personas que no conocen este programa. La Iniciativa Regional de Servicios de Apoyo es un programa que me ayud\u00f3 cuando m\u00e1s lo necesitaba; el personal me ayud\u00f3 con comida y ropa para mis hijos, me ayud\u00f3 a comprender la importancia de hacerme las pruebas y me ayud\u00f3 con la PrEP, que son pastillas para evitar enfermedades.\u201d<\/blockquote><\/div>\n<div class=\"blockquote\"><span class=\"mfn-blockquote-icon\"><i class=\"icon-quote\" aria-hidden=\"true\"><\/i><\/span><blockquote class=\"mfn-inline-editor\">\u201cEstoy muy agradecida porque siempre han estado conmigo cuando he necesitado consejo o he tenido preguntas. El trabajador sanitario de la comunidad es una de las mejores personas que conozco. Es bueno saber que contamos con su ayuda porque a veces necesitamos ayuda y los recursos son escasos y limitados.\u201d<br \/>\n<\/blockquote><\/div>\n[vc_btn title=\u00bbVer m\u00e1s testimonios\u00bb style=\u00bbflat\u00bb shape=\u00bbround\u00bb size=\u00bbsm\u00bb align=\u00bbcenter\u00bb css=\u00bb.vc_custom_1749229072363{margin-top: 22px !important;}\u00bb link=\u00bburl:https%3A%2F%2Fwww.hispaniccounseling.org%2Fes%2Ftestimonios%2F|title:Testimonios|\u00bb][\/vc_column_inner][vc_column_inner width=\u00bb2\/12&#8243;][\/vc_column_inner][\/vc_row_inner][\/vc_column][\/vc_row][vc_row full_width=\u00bbstretch_row\u00bb content_placement=\u00bbmiddle\u00bb el_class=\u00bbbottom-cta black-p\u00bb css=\u00bb.vc_custom_1736955045406{background-color: #b3d2dc !important;}\u00bb][vc_column][vc_row_inner content_placement=\u00bbmiddle\u00bb][vc_column_inner width=\u00bb2\/3&#8243;][vc_column_text css=\u00bb\u00bb el_class=\u00bblong-emphasis\u00bb]<\/p>\n<h2><em>Empieza con HCC<\/em><\/h2>\n<p>Ponte en contacto con Yessi Torres, Trabajadora Sanitaria Comunitaria, en el 516-538-2613 Ext. 286 o por correo electr\u00f3nico en<a href=\"mailto:ytorres@hispaniccounseling.org\">  ytorres@hispaniccounseling.org<\/a>[\/vc_column_text][\/vc_column_inner][vc_column_inner width=\u00bb1\/3&#8243;][vc_btn title=\u00bbPonte en contacto\u00bb style=\u00bbflat\u00bb shape=\u00bbround\u00bb color=\u00bbdanger\u00bb align=\u00bbcenter\u00bb css=\u00bb\u00bb link=\u00bburl:https%3A%2F%2Fwww.hispaniccounseling.org%2Fes%2Fponte-en-contacto-con%2F|\u00bb][\/vc_column_inner][\/vc_row_inner][\/vc_column][\/vc_row][vc_row el_class=\u00bblblue-theme\u00bb][vc_column][\/vc_column][\/vc_row]<\/p>\n<\/div>","protected":false},"excerpt":{"rendered":"<p>[vc_row full_width=\u00bbstretch_row\u00bb el_class=\u00bbpage-title\u00bb][vc_column][vc_column_text css=\u00bb\u00bb] Servicios [\/vc_column_text][vc_column_text css=\u00bb\u00bb] Iniciativa Regional de Servicios de Prevenci\u00f3n y Apoyo (RPSSI) [\/vc_column_text][\/vc_column][\/vc_row][vc_row css=\u00bb.vc_custom_1720731385754{border-top-width: 1px !important;border-right-width: 1px !important;border-bottom-width: 1px !important;border-left-width: 1px !important;border-left-style:<span class=\"excerpt-hellip\"> [\u2026]<\/span><\/p>\n","protected":false},"author":2,"featured_media":0,"parent":7494,"menu_order":0,"comment_status":"closed","ping_status":"closed","template":"","meta":{"footnotes":""},"class_list":["post-6903","page","type-page","status-publish","hentry"],"yoast_head":"<!-- This site is optimized with the Yoast SEO plugin v25.3 - https:\/\/yoast.com\/wordpress\/plugins\/seo\/ -->\n<title>Iniciativa Regional de Servicios de Prevenci\u00f3n y Apoyo (RPSSI) | HCC<\/title>\n<meta name=\"description\" content=\"La Iniciativa Regional de Servicios de Prevenci\u00f3n y Apoyo (RPSSI) pone en contacto a los afectados por el VIH y las ETS con diversos servicios esenciales. M\u00e1s informaci\u00f3n.\" \/>\n<meta name=\"robots\" content=\"index, follow, max-snippet:-1, max-image-preview:large, max-video-preview:-1\" \/>\n<link rel=\"canonical\" href=\"https:\/\/www.hispaniccounseling.org\/es\/como-ayudamos\/iniciativa-regional-de-servicios-de-prevencion-y-apoyo-rpssi\/\" \/>\n<meta property=\"og:locale\" content=\"es_ES\" \/>\n<meta property=\"og:type\" content=\"article\" \/>\n<meta property=\"og:title\" content=\"Iniciativa Regional de Servicios de Prevenci\u00f3n y Apoyo (RPSSI) | HCC\" \/>\n<meta property=\"og:description\" content=\"La Iniciativa Regional de Servicios de Prevenci\u00f3n y Apoyo (RPSSI) pone en contacto a los afectados por el VIH y las ETS con diversos servicios esenciales. M\u00e1s informaci\u00f3n.\" \/>\n<meta property=\"og:url\" content=\"https:\/\/www.hispaniccounseling.org\/es\/como-ayudamos\/iniciativa-regional-de-servicios-de-prevencion-y-apoyo-rpssi\/\" \/>\n<meta property=\"og:site_name\" content=\"Hispanic Counseling Center\" \/>\n<meta property=\"article:modified_time\" content=\"2025-06-18T07:30:31+00:00\" \/>\n<meta name=\"twitter:card\" content=\"summary_large_image\" \/>\n<meta name=\"twitter:label1\" content=\"Est. reading time\" \/>\n\t<meta name=\"twitter:data1\" content=\"5 minutos\" \/>\n<script type=\"application\/ld+json\" class=\"yoast-schema-graph\">{\"@context\":\"https:\/\/schema.org\",\"@graph\":[{\"@type\":\"WebPage\",\"@id\":\"https:\/\/www.hispaniccounseling.org\/es\/como-ayudamos\/iniciativa-regional-de-servicios-de-prevencion-y-apoyo-rpssi\/\",\"url\":\"https:\/\/www.hispaniccounseling.org\/es\/como-ayudamos\/iniciativa-regional-de-servicios-de-prevencion-y-apoyo-rpssi\/\",\"name\":\"Iniciativa Regional de Servicios de Prevenci\u00f3n y Apoyo (RPSSI) | HCC\",\"isPartOf\":{\"@id\":\"https:\/\/www.hispaniccounseling.org\/#website\"},\"datePublished\":\"2024-07-16T18:36:02+00:00\",\"dateModified\":\"2025-06-18T07:30:31+00:00\",\"description\":\"La Iniciativa Regional de Servicios de Prevenci\u00f3n y Apoyo (RPSSI) pone en contacto a los afectados por el VIH y las ETS con diversos servicios esenciales. M\u00e1s informaci\u00f3n.\",\"breadcrumb\":{\"@id\":\"https:\/\/www.hispaniccounseling.org\/es\/como-ayudamos\/iniciativa-regional-de-servicios-de-prevencion-y-apoyo-rpssi\/#breadcrumb\"},\"inLanguage\":\"es\",\"potentialAction\":[{\"@type\":\"ReadAction\",\"target\":[\"https:\/\/www.hispaniccounseling.org\/es\/como-ayudamos\/iniciativa-regional-de-servicios-de-prevencion-y-apoyo-rpssi\/\"]}]},{\"@type\":\"BreadcrumbList\",\"@id\":\"https:\/\/www.hispaniccounseling.org\/es\/como-ayudamos\/iniciativa-regional-de-servicios-de-prevencion-y-apoyo-rpssi\/#breadcrumb\",\"itemListElement\":[{\"@type\":\"ListItem\",\"position\":1,\"name\":\"Inicio\",\"item\":\"https:\/\/www.hispaniccounseling.org\/es\/centro-hispano-de-asesoramiento\/\"},{\"@type\":\"ListItem\",\"position\":2,\"name\":\"C\u00f3mo ayudamos\",\"item\":\"https:\/\/www.hispaniccounseling.org\/es\/como-ayudamos\/\"},{\"@type\":\"ListItem\",\"position\":3,\"name\":\"Iniciativa Regional de Servicios de Prevenci\u00f3n y Apoyo (RPSSI)\"}]},{\"@type\":\"WebSite\",\"@id\":\"https:\/\/www.hispaniccounseling.org\/#website\",\"url\":\"https:\/\/www.hispaniccounseling.org\/\",\"name\":\"Hispanic Counseling Center\",\"description\":\"\",\"potentialAction\":[{\"@type\":\"SearchAction\",\"target\":{\"@type\":\"EntryPoint\",\"urlTemplate\":\"https:\/\/www.hispaniccounseling.org\/?s={search_term_string}\"},\"query-input\":{\"@type\":\"PropertyValueSpecification\",\"valueRequired\":true,\"valueName\":\"search_term_string\"}}],\"inLanguage\":\"es\"}]}<\/script>\n<!-- \/ Yoast SEO plugin. -->","yoast_head_json":{"title":"Iniciativa Regional de Servicios de Prevenci\u00f3n y Apoyo (RPSSI) | HCC","description":"La Iniciativa Regional de Servicios de Prevenci\u00f3n y Apoyo (RPSSI) pone en contacto a los afectados por el VIH y las ETS con diversos servicios esenciales. M\u00e1s informaci\u00f3n.","robots":{"index":"index","follow":"follow","max-snippet":"max-snippet:-1","max-image-preview":"max-image-preview:large","max-video-preview":"max-video-preview:-1"},"canonical":"https:\/\/www.hispaniccounseling.org\/es\/como-ayudamos\/iniciativa-regional-de-servicios-de-prevencion-y-apoyo-rpssi\/","og_locale":"es_ES","og_type":"article","og_title":"Iniciativa Regional de Servicios de Prevenci\u00f3n y Apoyo (RPSSI) | HCC","og_description":"La Iniciativa Regional de Servicios de Prevenci\u00f3n y Apoyo (RPSSI) pone en contacto a los afectados por el VIH y las ETS con diversos servicios esenciales. M\u00e1s informaci\u00f3n.","og_url":"https:\/\/www.hispaniccounseling.org\/es\/como-ayudamos\/iniciativa-regional-de-servicios-de-prevencion-y-apoyo-rpssi\/","og_site_name":"Hispanic Counseling Center","article_modified_time":"2025-06-18T07:30:31+00:00","twitter_card":"summary_large_image","twitter_misc":{"Est. reading time":"5 minutos"},"schema":{"@context":"https:\/\/schema.org","@graph":[{"@type":"WebPage","@id":"https:\/\/www.hispaniccounseling.org\/es\/como-ayudamos\/iniciativa-regional-de-servicios-de-prevencion-y-apoyo-rpssi\/","url":"https:\/\/www.hispaniccounseling.org\/es\/como-ayudamos\/iniciativa-regional-de-servicios-de-prevencion-y-apoyo-rpssi\/","name":"Iniciativa Regional de Servicios de Prevenci\u00f3n y Apoyo (RPSSI) | HCC","isPartOf":{"@id":"https:\/\/www.hispaniccounseling.org\/#website"},"datePublished":"2024-07-16T18:36:02+00:00","dateModified":"2025-06-18T07:30:31+00:00","description":"La Iniciativa Regional de Servicios de Prevenci\u00f3n y Apoyo (RPSSI) pone en contacto a los afectados por el VIH y las ETS con diversos servicios esenciales. M\u00e1s informaci\u00f3n.","breadcrumb":{"@id":"https:\/\/www.hispaniccounseling.org\/es\/como-ayudamos\/iniciativa-regional-de-servicios-de-prevencion-y-apoyo-rpssi\/#breadcrumb"},"inLanguage":"es","potentialAction":[{"@type":"ReadAction","target":["https:\/\/www.hispaniccounseling.org\/es\/como-ayudamos\/iniciativa-regional-de-servicios-de-prevencion-y-apoyo-rpssi\/"]}]},{"@type":"BreadcrumbList","@id":"https:\/\/www.hispaniccounseling.org\/es\/como-ayudamos\/iniciativa-regional-de-servicios-de-prevencion-y-apoyo-rpssi\/#breadcrumb","itemListElement":[{"@type":"ListItem","position":1,"name":"Inicio","item":"https:\/\/www.hispaniccounseling.org\/es\/centro-hispano-de-asesoramiento\/"},{"@type":"ListItem","position":2,"name":"C\u00f3mo ayudamos","item":"https:\/\/www.hispaniccounseling.org\/es\/como-ayudamos\/"},{"@type":"ListItem","position":3,"name":"Iniciativa Regional de Servicios de Prevenci\u00f3n y Apoyo (RPSSI)"}]},{"@type":"WebSite","@id":"https:\/\/www.hispaniccounseling.org\/#website","url":"https:\/\/www.hispaniccounseling.org\/","name":"Hispanic Counseling Center","description":"","potentialAction":[{"@type":"SearchAction","target":{"@type":"EntryPoint","urlTemplate":"https:\/\/www.hispaniccounseling.org\/?s={search_term_string}"},"query-input":{"@type":"PropertyValueSpecification","valueRequired":true,"valueName":"search_term_string"}}],"inLanguage":"es"}]}},"featured_image_src":null,"featured_image_src_square":null,"_links":{"self":[{"href":"https:\/\/www.hispaniccounseling.org\/es\/wp-json\/wp\/v2\/pages\/6903","targetHints":{"allow":["GET"]}}],"collection":[{"href":"https:\/\/www.hispaniccounseling.org\/es\/wp-json\/wp\/v2\/pages"}],"about":[{"href":"https:\/\/www.hispaniccounseling.org\/es\/wp-json\/wp\/v2\/types\/page"}],"author":[{"embeddable":true,"href":"https:\/\/www.hispaniccounseling.org\/es\/wp-json\/wp\/v2\/users\/2"}],"replies":[{"embeddable":true,"href":"https:\/\/www.hispaniccounseling.org\/es\/wp-json\/wp\/v2\/comments?post=6903"}],"version-history":[{"count":0,"href":"https:\/\/www.hispaniccounseling.org\/es\/wp-json\/wp\/v2\/pages\/6903\/revisions"}],"up":[{"embeddable":true,"href":"https:\/\/www.hispaniccounseling.org\/es\/wp-json\/wp\/v2\/pages\/7494"}],"wp:attachment":[{"href":"https:\/\/www.hispaniccounseling.org\/es\/wp-json\/wp\/v2\/media?parent=6903"}],"curies":[{"name":"wp","href":"https:\/\/api.w.org\/{rel}","templated":true}]}}