{"id":6905,"date":"2025-04-10T13:56:00","date_gmt":"2025-04-10T17:56:00","guid":{"rendered":"https:\/\/www.hispaniccounseling.org\/politica-de-privacidad\/"},"modified":"2025-06-13T11:40:36","modified_gmt":"2025-06-13T15:40:36","slug":"politica-de-privacidad","status":"publish","type":"page","link":"https:\/\/www.hispaniccounseling.org\/es\/politica-de-privacidad\/","title":{"rendered":"Pol\u00edtica de privacidad"},"content":{"rendered":"<div class=\"wpb-content-wrapper\"><p>[vc_row full_width=\u00bbstretch_row\u00bb el_class=\u00bbpage-title\u00bb][vc_column][vc_column_text css=\u00bb\u00bb]<\/p>\n<h1 style=\"text-align: center;\">Pol\u00edtica de privacidad<\/h1>\n<p>[\/vc_column_text][\/vc_column][\/vc_row][vc_row css=\u00bb.vc_custom_1720033665580{padding-top: 6rem !important;padding-bottom: 6rem !important;}\u00bb][vc_column][vc_column_text css=\u00bb\u00bb el_class=\u00bbsupporter-block\u00bb]<\/p>\n<h2>Pol\u00edtica de privacidad del sitio web<\/h2>\n<p>Gracias por visitar el sitio web del Centro Hispano de Asesoramiento (CCH). El Centro Hispano de Asesoramiento se compromete a proteger la privacidad de todos los visitantes de nuestro sitio web.<\/p>\n<h3>Informaci\u00f3n personal<\/h3>\n<p>HCC s\u00f3lo recopila la informaci\u00f3n que t\u00fa env\u00edas de forma voluntaria y consciente. Si te inscribes en un evento o haces una donaci\u00f3n, por ejemplo, podemos recopilar tu nombre, direcci\u00f3n postal, n\u00famero de tel\u00e9fono y direcci\u00f3n de correo electr\u00f3nico.<\/p>\n<p>Si proporcionas informaci\u00f3n personal, podemos introducirla en nuestra base de datos de constituyentes para proporcionarte informaci\u00f3n sobre eventos y servicios del Centro Hispano de Asesoramiento o para solicitarte una contribuci\u00f3n voluntaria al Centro Hispano de Asesoramiento.<\/p>\n<p>HCC hace todo lo posible para proteger la informaci\u00f3n personal con salvaguardas organizativas, tecnol\u00f3gicas y f\u00edsicas razonables. No compartiremos tu informaci\u00f3n personal con terceros, incluyendo nombre, direcci\u00f3n, direcci\u00f3n de correo electr\u00f3nico, n\u00famero de tel\u00e9fono o informaci\u00f3n financiera. Aunque tomamos las medidas adecuadas para salvaguardar tu informaci\u00f3n, no podemos garantizar su seguridad absoluta. HCC protege la informaci\u00f3n de las donaciones online utilizando la seguridad online que proporciona una entidad reconocida para las transacciones comerciales de pago online. Un donante est\u00e1 vinculado desde el sitio web de HCC a un procesador de pagos donde se procesa la transacci\u00f3n; el procesador de pagos encripta tus datos para evitar que sean descodificados por cualquiera que no sea \u00e9l mismo. Si tienes motivos para creer que tu interacci\u00f3n con HCC ya no es segura, notif\u00edcanoslo inmediatamente de acuerdo con la secci\u00f3n \u201cContacta con nosotros\u201d que aparece a continuaci\u00f3n.<\/p>\n<h2>Informaci\u00f3n sobre el patr\u00f3n de tr\u00e1fico del servidor web<\/h2>\n<p>El tr\u00e1fico general, el uso del sitio y la informaci\u00f3n sobre la duraci\u00f3n de la estancia son recogidos autom\u00e1ticamente por nuestro servidor Web. Este tipo de informaci\u00f3n se utiliza para ayudar a la agencia a mejorar la funcionalidad de nuestro sitio Web y dicha informaci\u00f3n no est\u00e1 vinculada a visitantes individuales ni vinculada por nombre, direcci\u00f3n, direcci\u00f3n de correo electr\u00f3nico o n\u00famero de tel\u00e9fono.<\/p>\n<h3>Enlaces externos<\/h3>\n<p>Nuestro sitio puede proporcionar enlaces a otros sitios Web para ofrecerte informaci\u00f3n adicional. El Centro Hispano de Asesoramiento no es responsable de las pr\u00e1cticas de informaci\u00f3n de los sitios enlazados, ni un enlace implica la aprobaci\u00f3n del material o las pol\u00edticas de dichos sitios.<\/p>\n<h3>Contacta con nosotros<\/h3>\n<p>Esta Declaraci\u00f3n de Privacidad s\u00f3lo se aplica a nuestras pr\u00e1cticas en l\u00ednea. Si tienes alguna pregunta sobre nuestras pol\u00edticas, puedes enviar un correo electr\u00f3nico a info@hispaniccounselingcenter.org o escribir a:<\/p>\n<p>Centro Hispano de Asesoramiento<br \/>\nDirector de la Oficina<br \/>\n344 Fulton Avenue<br \/>\nHempstead, NY 11550[\/vc_column_text][\/vc_column][\/vc_row]<\/p>\n<\/div>","protected":false},"excerpt":{"rendered":"<p>[vc_row full_width=\u00bbstretch_row\u00bb el_class=\u00bbpage-title\u00bb][vc_column][vc_column_text css=\u00bb\u00bb] Pol\u00edtica de privacidad [\/vc_column_text][\/vc_column][\/vc_row][vc_row css=\u00bb.vc_custom_1720033665580{padding-top: 6rem !important;padding-bottom: 6rem !important;}\u00bb][vc_column][vc_column_text css=\u00bb\u00bb el_class=\u00bbsupporter-block\u00bb] Pol\u00edtica de privacidad del sitio web Gracias por visitar el sitio<span class=\"excerpt-hellip\"> [\u2026]<\/span><\/p>\n","protected":false},"author":3,"featured_media":0,"parent":0,"menu_order":0,"comment_status":"closed","ping_status":"closed","template":"","meta":{"footnotes":""},"class_list":["post-6905","page","type-page","status-publish","hentry"],"yoast_head":"<!-- This site is optimized with the Yoast SEO plugin v25.3 - https:\/\/yoast.com\/wordpress\/plugins\/seo\/ -->\n<title>Apoyos p\u00fablicos y privados | Centro Hispano de Asesoramiento<\/title>\n<meta name=\"description\" content=\"Los colaboradores p\u00fablicos y privados de HCC hacen posible que sigamos teniendo un impacto positivo para las familias y los ni\u00f1os de LI. M\u00e1s informaci\u00f3n.\" \/>\n<meta name=\"robots\" content=\"index, follow, max-snippet:-1, max-image-preview:large, max-video-preview:-1\" \/>\n<link rel=\"canonical\" href=\"https:\/\/www.hispaniccounseling.org\/es\/politica-de-privacidad\/\" \/>\n<meta property=\"og:locale\" content=\"es_ES\" \/>\n<meta property=\"og:type\" content=\"article\" \/>\n<meta property=\"og:title\" content=\"Apoyos p\u00fablicos y privados | Centro Hispano de Asesoramiento\" \/>\n<meta property=\"og:description\" content=\"Los colaboradores p\u00fablicos y privados de HCC hacen posible que sigamos teniendo un impacto positivo para las familias y los ni\u00f1os de LI. M\u00e1s informaci\u00f3n.\" \/>\n<meta property=\"og:url\" content=\"https:\/\/www.hispaniccounseling.org\/es\/politica-de-privacidad\/\" \/>\n<meta property=\"og:site_name\" content=\"Hispanic Counseling Center\" \/>\n<meta property=\"article:modified_time\" content=\"2025-06-13T15:40:36+00:00\" \/>\n<meta name=\"twitter:card\" content=\"summary_large_image\" \/>\n<meta name=\"twitter:label1\" content=\"Est. reading time\" \/>\n\t<meta name=\"twitter:data1\" content=\"3 minutos\" \/>\n<script type=\"application\/ld+json\" class=\"yoast-schema-graph\">{\"@context\":\"https:\/\/schema.org\",\"@graph\":[{\"@type\":\"WebPage\",\"@id\":\"https:\/\/www.hispaniccounseling.org\/es\/politica-de-privacidad\/\",\"url\":\"https:\/\/www.hispaniccounseling.org\/es\/politica-de-privacidad\/\",\"name\":\"Apoyos p\u00fablicos y privados | Centro Hispano de Asesoramiento\",\"isPartOf\":{\"@id\":\"https:\/\/www.hispaniccounseling.org\/#website\"},\"datePublished\":\"2025-04-10T17:56:00+00:00\",\"dateModified\":\"2025-06-13T15:40:36+00:00\",\"description\":\"Los colaboradores p\u00fablicos y privados de HCC hacen posible que sigamos teniendo un impacto positivo para las familias y los ni\u00f1os de LI. M\u00e1s informaci\u00f3n.\",\"breadcrumb\":{\"@id\":\"https:\/\/www.hispaniccounseling.org\/es\/politica-de-privacidad\/#breadcrumb\"},\"inLanguage\":\"es\",\"potentialAction\":[{\"@type\":\"ReadAction\",\"target\":[\"https:\/\/www.hispaniccounseling.org\/es\/politica-de-privacidad\/\"]}]},{\"@type\":\"BreadcrumbList\",\"@id\":\"https:\/\/www.hispaniccounseling.org\/es\/politica-de-privacidad\/#breadcrumb\",\"itemListElement\":[{\"@type\":\"ListItem\",\"position\":1,\"name\":\"Inicio\",\"item\":\"https:\/\/www.hispaniccounseling.org\/es\/centro-hispano-de-asesoramiento\/\"},{\"@type\":\"ListItem\",\"position\":2,\"name\":\"Pol\u00edtica de privacidad\"}]},{\"@type\":\"WebSite\",\"@id\":\"https:\/\/www.hispaniccounseling.org\/#website\",\"url\":\"https:\/\/www.hispaniccounseling.org\/\",\"name\":\"Hispanic Counseling Center\",\"description\":\"\",\"potentialAction\":[{\"@type\":\"SearchAction\",\"target\":{\"@type\":\"EntryPoint\",\"urlTemplate\":\"https:\/\/www.hispaniccounseling.org\/?s={search_term_string}\"},\"query-input\":{\"@type\":\"PropertyValueSpecification\",\"valueRequired\":true,\"valueName\":\"search_term_string\"}}],\"inLanguage\":\"es\"}]}<\/script>\n<!-- \/ Yoast SEO plugin. -->","yoast_head_json":{"title":"Apoyos p\u00fablicos y privados | Centro Hispano de Asesoramiento","description":"Los colaboradores p\u00fablicos y privados de HCC hacen posible que sigamos teniendo un impacto positivo para las familias y los ni\u00f1os de LI. M\u00e1s informaci\u00f3n.","robots":{"index":"index","follow":"follow","max-snippet":"max-snippet:-1","max-image-preview":"max-image-preview:large","max-video-preview":"max-video-preview:-1"},"canonical":"https:\/\/www.hispaniccounseling.org\/es\/politica-de-privacidad\/","og_locale":"es_ES","og_type":"article","og_title":"Apoyos p\u00fablicos y privados | Centro Hispano de Asesoramiento","og_description":"Los colaboradores p\u00fablicos y privados de HCC hacen posible que sigamos teniendo un impacto positivo para las familias y los ni\u00f1os de LI. M\u00e1s informaci\u00f3n.","og_url":"https:\/\/www.hispaniccounseling.org\/es\/politica-de-privacidad\/","og_site_name":"Hispanic Counseling Center","article_modified_time":"2025-06-13T15:40:36+00:00","twitter_card":"summary_large_image","twitter_misc":{"Est. reading time":"3 minutos"},"schema":{"@context":"https:\/\/schema.org","@graph":[{"@type":"WebPage","@id":"https:\/\/www.hispaniccounseling.org\/es\/politica-de-privacidad\/","url":"https:\/\/www.hispaniccounseling.org\/es\/politica-de-privacidad\/","name":"Apoyos p\u00fablicos y privados | Centro Hispano de Asesoramiento","isPartOf":{"@id":"https:\/\/www.hispaniccounseling.org\/#website"},"datePublished":"2025-04-10T17:56:00+00:00","dateModified":"2025-06-13T15:40:36+00:00","description":"Los colaboradores p\u00fablicos y privados de HCC hacen posible que sigamos teniendo un impacto positivo para las familias y los ni\u00f1os de LI. M\u00e1s informaci\u00f3n.","breadcrumb":{"@id":"https:\/\/www.hispaniccounseling.org\/es\/politica-de-privacidad\/#breadcrumb"},"inLanguage":"es","potentialAction":[{"@type":"ReadAction","target":["https:\/\/www.hispaniccounseling.org\/es\/politica-de-privacidad\/"]}]},{"@type":"BreadcrumbList","@id":"https:\/\/www.hispaniccounseling.org\/es\/politica-de-privacidad\/#breadcrumb","itemListElement":[{"@type":"ListItem","position":1,"name":"Inicio","item":"https:\/\/www.hispaniccounseling.org\/es\/centro-hispano-de-asesoramiento\/"},{"@type":"ListItem","position":2,"name":"Pol\u00edtica de privacidad"}]},{"@type":"WebSite","@id":"https:\/\/www.hispaniccounseling.org\/#website","url":"https:\/\/www.hispaniccounseling.org\/","name":"Hispanic Counseling Center","description":"","potentialAction":[{"@type":"SearchAction","target":{"@type":"EntryPoint","urlTemplate":"https:\/\/www.hispaniccounseling.org\/?s={search_term_string}"},"query-input":{"@type":"PropertyValueSpecification","valueRequired":true,"valueName":"search_term_string"}}],"inLanguage":"es"}]}},"featured_image_src":null,"featured_image_src_square":null,"_links":{"self":[{"href":"https:\/\/www.hispaniccounseling.org\/es\/wp-json\/wp\/v2\/pages\/6905","targetHints":{"allow":["GET"]}}],"collection":[{"href":"https:\/\/www.hispaniccounseling.org\/es\/wp-json\/wp\/v2\/pages"}],"about":[{"href":"https:\/\/www.hispaniccounseling.org\/es\/wp-json\/wp\/v2\/types\/page"}],"author":[{"embeddable":true,"href":"https:\/\/www.hispaniccounseling.org\/es\/wp-json\/wp\/v2\/users\/3"}],"replies":[{"embeddable":true,"href":"https:\/\/www.hispaniccounseling.org\/es\/wp-json\/wp\/v2\/comments?post=6905"}],"version-history":[{"count":0,"href":"https:\/\/www.hispaniccounseling.org\/es\/wp-json\/wp\/v2\/pages\/6905\/revisions"}],"wp:attachment":[{"href":"https:\/\/www.hispaniccounseling.org\/es\/wp-json\/wp\/v2\/media?parent=6905"}],"curies":[{"name":"wp","href":"https:\/\/api.w.org\/{rel}","templated":true}]}}