{"id":7451,"date":"2024-07-15T12:27:24","date_gmt":"2024-07-15T16:27:24","guid":{"rendered":"https:\/\/www.hispaniccounseling.org\/programa-ambulatorio-de-salud-mental\/"},"modified":"2025-09-11T07:41:25","modified_gmt":"2025-09-11T11:41:25","slug":"programa-ambulatorio-de-salud-mental","status":"publish","type":"page","link":"https:\/\/www.hispaniccounseling.org\/es\/como-ayudamos\/programa-ambulatorio-de-salud-mental\/","title":{"rendered":"Tratamiento ambulatorio de salud mental y servicios de rehabilitaci\u00f3n (MHOTRS)"},"content":{"rendered":"<div class=\"wpb-content-wrapper\"><p>[vc_row full_width=\u00bbstretch_row\u00bb el_class=\u00bbpage-title\u00bb][vc_column][vc_column_text css=\u00bb\u00bb]<\/p>\n<p style=\"text-align: center;\">Servicios<\/p>\n<p>[\/vc_column_text][vc_column_text css=\u00bb\u00bb]<\/p>\n<h1 style=\"text-align: center;\"><strong>Tratamiento ambulatorio de salud mental y servicios de rehabilitaci\u00f3n (MHOTRS)<\/strong><\/h1>\n<p>[\/vc_column_text][\/vc_column][\/vc_row][vc_row css=\u00bb.vc_custom_1720731385754{border-top-width: 1px !important;border-right-width: 1px !important;border-bottom-width: 1px !important;border-left-width: 1px !important;border-left-style: solid !important;border-right-style: solid !important;border-top-style: solid !important;border-bottom-style: solid !important;border-radius: 25px !important;border-color: #0a0a0a !important;}\u00bb el_id=\u00bbvisi\u00f3n general del programa\u00bb][vc_column][vc_row_inner css=\u00bb.vc_custom_1720731188875{margin-bottom: 0px !important;}\u00bb][vc_column_inner width=\u00bb1\/2&#8243;][vc_column_text css=\u00bb\u00bb]<\/p>\n<h2 style=\"text-align: left;\"><em>Visi\u00f3n general<\/em> del programa<\/h2>\n<p>Los Servicios de Tratamiento Ambulatorio y Rehabilitaci\u00f3n de Salud Mental (MHOTRS) del Centro Hispano de Asesoramiento ofrecen servicios integrales para personas con problemas psiqui\u00e1tricos y emocionales. MHOTRS se dedica a proporcionar servicios de tratamiento de salud mental biling\u00fces y biculturales para ni\u00f1os de 5 a 18 a\u00f1os y adultos.[\/vc_column_text][vc_btn title=\u00bbPonte en contacto\u00bb style=\u00bbflat\u00bb shape=\u00bbround\u00bb color=\u00bbdanger\u00bb align=\u00bbleft\u00bb css=\u00bb\u00bb link=\u00bburl:https%3A%2F%2Fwww.hispaniccounseling.org%2Fes%2Fponte-en-contacto-con%2F|\u00bb][vc_column_text css=\u00bb\u00bb el_class=\u00bbfunded-by\u00bb]<em>Todos los seguros\/Autopago<\/em>[\/vc_column_text][\/vc_column_inner][vc_column_inner width=\u00bb1\/4&#8243;][vc_column_text css=\u00bb\u00bb]<strong>Coordinadora del Programa<\/strong><\/p>\n<p>Oneyda Hernandez, LCSW<a href=\"tel:5163181081\"><br \/>\n(516) 538-2613 Ext. 218<\/a><br \/>\n<a href=\"mailto:ohernandez@hispaniccounseling.org\"><u>ohernandez@hispaniccounseling.org<\/u><\/a>[\/vc_column_text][vc_column_text css=\u00bb\u00bb]<\/p>\n<p class=\"x_MsoNormal\" data-olk-copy-source=\"MessageBody\"><strong>MHOTRS Sat\u00e9lite del condado de Suffolk<\/strong><\/p>\n<p class=\"x_MsoNormal\"><em>Coordinadora del Programa<\/em><br \/>\nCarla Recalde, LCSW<br \/>\n<a href=\"tel:6313014868\">(631) 301-4868 Ext. 240<\/a><br \/>\n<a title=\"mailto:crecalde@hispaniccounseling.org\" href=\"mailto:crecalde@hispaniccounseling.org\" data-linkindex=\"18\">crecalde@hispaniccounseling.org<\/a><\/p>\n<p>[\/vc_column_text][\/vc_column_inner][vc_column_inner width=\u00bb1\/4&#8243;][vc_column_text css=\u00bb\u00bb]<strong>Ubicaci\u00f3n<\/strong><\/p>\n<p>Condado de Nassau y Suffolk[\/vc_column_text][\/vc_column_inner][\/vc_row_inner][\/vc_column][\/vc_row][vc_row el_id=\u00bbprograma-info\u00bb][vc_column width=\u00bb1\/2&#8243;][vc_column_text css_animation=\u00bbnone\u00bb css=\u00bb\u00bb el_class=\u00bbfade-pls\u00bb]<\/p>\n<h2>La <em>Raz\u00f3n<\/em><\/h2>\n<p>Los Servicios de Tratamiento Ambulatorio y Rehabilitaci\u00f3n de Salud Mental (MHOTRS) del Centro Hispano de Asesoramiento son necesarios para ayudar a las personas a controlar sus s\u00edntomas de salud mental, superar retos\/barreras y llevar una vida productiva.[\/vc_column_text][vc_column_text css_animation=\u00bbnone\u00bb css=\u00bb\u00bb el_class=\u00bbfade-pls\u00bb]<\/p>\n<h2>La <em>soluci\u00f3n<\/em><\/h2>\n<p>El MHOTRS utiliza varios tipos de intervenciones basadas en pr\u00e1cticas probadas para ayudar a las personas a controlar sus s\u00edntomas de salud mental, por ejemplo, la terapia cognitivo-conductual (TCC) y la terapia dial\u00e9ctico-conductual (TDC). Adem\u00e1s, nuestro programa tambi\u00e9n ofrece servicios psiqui\u00e1tricos, que incluyen la gesti\u00f3n de la medicaci\u00f3n.[\/vc_column_text][vc_column_text css=\u00bb\u00bb el_class=\u00bbfade-pls\u00bb]<\/p>\n<h2>La <em>aplicaci\u00f3n<\/em><\/h2>\n<p>Los Servicios de Tratamiento Ambulatorio y Rehabilitaci\u00f3n de Salud Mental (MHOTRS) est\u00e1n formados por terapeutas de diversa formaci\u00f3n, como trabajadores sociales, asesores de salud mental, terapeutas de artes creativas y terapeutas matrimoniales y familiares. Las personas que soliciten servicios de salud mental a trav\u00e9s de los MHOTRS se reunir\u00e1n primero con un terapeuta para someterse a una evaluaci\u00f3n inicial y, a continuaci\u00f3n, se les citar\u00e1 con un psiquiatra para someterse a una evaluaci\u00f3n psiqui\u00e1trica.[\/vc_column_text][\/vc_column][vc_column width=\u00bb1\/2&#8243; el_class=\u00bbsticky-column\u00bb][vc_single_image image=\u00bb123&#8243; img_size=\u00bbfull\u00bb css=\u00bb\u00bb][\/vc_column][\/vc_row][vc_row full_width=\u00bbstretch_row\u00bb css=\u00bb.vc_custom_1721057360984{background-position: 0 0 !important;background-repeat: repeat !important;}\u00bb el_class=\u00bbtestimonials\u00bb][vc_column][vc_row_inner el_class=\u00bbback-graphic\u00bb][vc_column_inner width=\u00bb2\/12&#8243;][\/vc_column_inner][vc_column_inner el_class=\u00bbtestimonial\u00bb width=\u00bb8\/12&#8243;][vc_column_text css=\u00bb\u00bb]<\/p>\n<h2 style=\"text-align: center;\"><em>Testimonio<\/em><\/h2>\n<p>[\/vc_column_text]<div class=\"blockquote\"><span class=\"mfn-blockquote-icon\"><i class=\"icon-quote\" aria-hidden=\"true\"><\/i><\/span><blockquote class=\"mfn-inline-editor\">\u201cSer cliente de HCC ha trascendido la din\u00e1mica convencional terapeuta-cliente; se ha convertido en una relaci\u00f3n en la que no s\u00f3lo recibo un valioso apoyo, sino que tambi\u00e9n incorporo activamente las lecciones aprendidas a mi propia vida. En general, mi viaje de tres a\u00f1os con el HCC ha sido una experiencia de aprendizaje en la que contin\u00fao. Recomiendo el Centro Hispano de Asesoramiento a todos mis seres queridos y a todo el mundo, todos necesitamos terapia. Rompe el estigma. Buscar ayuda para uno mismo es un tremendo acto de amor propio para uno. Mientras contin\u00fao este viaje terap\u00e9utico, estoy agradecida por el apoyo, el crecimiento y la resiliencia que me ha infundido, fomentando una nueva y empoderadora sensaci\u00f3n de bienestar.\u201d<\/blockquote><\/div>\n[vc_btn title=\u00bbVer m\u00e1s testimonios\u00bb style=\u00bbflat\u00bb shape=\u00bbround\u00bb size=\u00bbsm\u00bb align=\u00bbcenter\u00bb css=\u00bb.vc_custom_1749229072363{margin-top: 22px !important;}\u00bb link=\u00bburl:https%3A%2F%2Fwww.hispaniccounseling.org%2Fes%2Ftestimonios%2F|title:Testimonios|\u00bb][\/vc_column_inner][vc_column_inner width=\u00bb2\/12&#8243;][\/vc_column_inner][\/vc_row_inner][\/vc_column][\/vc_row][vc_row full_width=\u00bbstretch_row\u00bb content_placement=\u00bbmiddle\u00bb el_class=\u00bbbottom-cta black-p\u00bb css=\u00bb.vc_custom_1736955045406{background-color: #b3d2dc !important;}\u00bb][vc_column][vc_row_inner content_placement=\u00bbmiddle\u00bb][vc_column_inner width=\u00bb2\/3&#8243;][vc_column_text css=\u00bb\u00bb el_class=\u00bblong-emphasis\u00bb]<\/p>\n<h2><em>Empieza con nosotros<\/em><\/h2>\n<p>[\/vc_column_text][\/vc_column_inner][vc_column_inner width=\u00bb1\/3&#8243;][vc_btn title=\u00bbContacta con nosotros\u00bb style=\u00bbflat\u00bb shape=\u00bbround\u00bb color=\u00bbdanger\u00bb align=\u00bbcenter\u00bb css=\u00bb\u00bb link=\u00bburl:https%3A%2F%2Fwww.hispaniccounseling.org%2Fes%2Fponte-en-contacto-con%2F|\u00bb][\/vc_column_inner][\/vc_row_inner][\/vc_column][\/vc_row][vc_row el_class=\u00bblblue-theme\u00bb][vc_column][\/vc_column][\/vc_row]<\/p>\n<\/div>","protected":false},"excerpt":{"rendered":"<p>[vc_row full_width=\u00bbstretch_row\u00bb el_class=\u00bbpage-title\u00bb][vc_column][vc_column_text css=\u00bb\u00bb] Servicios [\/vc_column_text][vc_column_text css=\u00bb\u00bb] Tratamiento ambulatorio de salud mental y servicios de rehabilitaci\u00f3n (MHOTRS) [\/vc_column_text][\/vc_column][\/vc_row][vc_row css=\u00bb.vc_custom_1720731385754{border-top-width: 1px !important;border-right-width: 1px !important;border-bottom-width: 1px !important;border-left-width: 1px<span class=\"excerpt-hellip\"> [\u2026]<\/span><\/p>\n","protected":false},"author":2,"featured_media":-1,"parent":7494,"menu_order":0,"comment_status":"closed","ping_status":"closed","template":"","meta":{"footnotes":""},"class_list":["post-7451","page","type-page","status-publish","has-post-thumbnail","hentry"],"yoast_head":"<!-- This site is optimized with the Yoast SEO plugin v25.3 - https:\/\/yoast.com\/wordpress\/plugins\/seo\/ -->\n<title>Cl\u00ednica de Salud Mental para Pacientes Externos | Centro Hispano de Asesoramiento<\/title>\n<meta name=\"description\" content=\"El Ambulatorio de Salud Mental de HCC ofrece servicios biling\u00fces y biculturales para personas con problemas psiqui\u00e1tricos y emocionales. M\u00e1s informaci\u00f3n.\" \/>\n<meta name=\"robots\" content=\"index, follow, max-snippet:-1, max-image-preview:large, max-video-preview:-1\" \/>\n<link rel=\"canonical\" href=\"https:\/\/www.hispaniccounseling.org\/es\/como-ayudamos\/programa-ambulatorio-de-salud-mental\/\" \/>\n<meta property=\"og:locale\" content=\"es_ES\" \/>\n<meta property=\"og:type\" content=\"article\" \/>\n<meta property=\"og:title\" content=\"Cl\u00ednica de Salud Mental para Pacientes Externos | Centro Hispano de Asesoramiento\" \/>\n<meta property=\"og:description\" content=\"El Ambulatorio de Salud Mental de HCC ofrece servicios biling\u00fces y biculturales para personas con problemas psiqui\u00e1tricos y emocionales. M\u00e1s informaci\u00f3n.\" \/>\n<meta property=\"og:url\" content=\"https:\/\/www.hispaniccounseling.org\/es\/como-ayudamos\/programa-ambulatorio-de-salud-mental\/\" \/>\n<meta property=\"og:site_name\" content=\"Hispanic Counseling Center\" \/>\n<meta property=\"article:modified_time\" content=\"2025-09-11T11:41:25+00:00\" \/>\n<meta name=\"twitter:card\" content=\"summary_large_image\" \/>\n<meta name=\"twitter:label1\" content=\"Est. reading time\" \/>\n\t<meta name=\"twitter:data1\" content=\"4 minutos\" \/>\n<script type=\"application\/ld+json\" class=\"yoast-schema-graph\">{\"@context\":\"https:\/\/schema.org\",\"@graph\":[{\"@type\":\"WebPage\",\"@id\":\"https:\/\/www.hispaniccounseling.org\/es\/como-ayudamos\/programa-ambulatorio-de-salud-mental\/\",\"url\":\"https:\/\/www.hispaniccounseling.org\/es\/como-ayudamos\/programa-ambulatorio-de-salud-mental\/\",\"name\":\"Cl\u00ednica de Salud Mental para Pacientes Externos | Centro Hispano de Asesoramiento\",\"isPartOf\":{\"@id\":\"https:\/\/www.hispaniccounseling.org\/#website\"},\"datePublished\":\"2024-07-15T16:27:24+00:00\",\"dateModified\":\"2025-09-11T11:41:25+00:00\",\"description\":\"El Ambulatorio de Salud Mental de HCC ofrece servicios biling\u00fces y biculturales para personas con problemas psiqui\u00e1tricos y emocionales. M\u00e1s informaci\u00f3n.\",\"breadcrumb\":{\"@id\":\"https:\/\/www.hispaniccounseling.org\/es\/como-ayudamos\/programa-ambulatorio-de-salud-mental\/#breadcrumb\"},\"inLanguage\":\"es\",\"potentialAction\":[{\"@type\":\"ReadAction\",\"target\":[\"https:\/\/www.hispaniccounseling.org\/es\/como-ayudamos\/programa-ambulatorio-de-salud-mental\/\"]}]},{\"@type\":\"BreadcrumbList\",\"@id\":\"https:\/\/www.hispaniccounseling.org\/es\/como-ayudamos\/programa-ambulatorio-de-salud-mental\/#breadcrumb\",\"itemListElement\":[{\"@type\":\"ListItem\",\"position\":1,\"name\":\"Inicio\",\"item\":\"https:\/\/www.hispaniccounseling.org\/es\/centro-hispano-de-asesoramiento\/\"},{\"@type\":\"ListItem\",\"position\":2,\"name\":\"C\u00f3mo ayudamos\",\"item\":\"https:\/\/www.hispaniccounseling.org\/es\/como-ayudamos\/\"},{\"@type\":\"ListItem\",\"position\":3,\"name\":\"Tratamiento ambulatorio de salud mental y servicios de rehabilitaci\u00f3n (MHOTRS)\"}]},{\"@type\":\"WebSite\",\"@id\":\"https:\/\/www.hispaniccounseling.org\/#website\",\"url\":\"https:\/\/www.hispaniccounseling.org\/\",\"name\":\"Hispanic Counseling Center\",\"description\":\"\",\"potentialAction\":[{\"@type\":\"SearchAction\",\"target\":{\"@type\":\"EntryPoint\",\"urlTemplate\":\"https:\/\/www.hispaniccounseling.org\/?s={search_term_string}\"},\"query-input\":{\"@type\":\"PropertyValueSpecification\",\"valueRequired\":true,\"valueName\":\"search_term_string\"}}],\"inLanguage\":\"es\"}]}<\/script>\n<!-- \/ Yoast SEO plugin. -->","yoast_head_json":{"title":"Cl\u00ednica de Salud Mental para Pacientes Externos | Centro Hispano de Asesoramiento","description":"El Ambulatorio de Salud Mental de HCC ofrece servicios biling\u00fces y biculturales para personas con problemas psiqui\u00e1tricos y emocionales. M\u00e1s informaci\u00f3n.","robots":{"index":"index","follow":"follow","max-snippet":"max-snippet:-1","max-image-preview":"max-image-preview:large","max-video-preview":"max-video-preview:-1"},"canonical":"https:\/\/www.hispaniccounseling.org\/es\/como-ayudamos\/programa-ambulatorio-de-salud-mental\/","og_locale":"es_ES","og_type":"article","og_title":"Cl\u00ednica de Salud Mental para Pacientes Externos | Centro Hispano de Asesoramiento","og_description":"El Ambulatorio de Salud Mental de HCC ofrece servicios biling\u00fces y biculturales para personas con problemas psiqui\u00e1tricos y emocionales. M\u00e1s informaci\u00f3n.","og_url":"https:\/\/www.hispaniccounseling.org\/es\/como-ayudamos\/programa-ambulatorio-de-salud-mental\/","og_site_name":"Hispanic Counseling Center","article_modified_time":"2025-09-11T11:41:25+00:00","twitter_card":"summary_large_image","twitter_misc":{"Est. reading time":"4 minutos"},"schema":{"@context":"https:\/\/schema.org","@graph":[{"@type":"WebPage","@id":"https:\/\/www.hispaniccounseling.org\/es\/como-ayudamos\/programa-ambulatorio-de-salud-mental\/","url":"https:\/\/www.hispaniccounseling.org\/es\/como-ayudamos\/programa-ambulatorio-de-salud-mental\/","name":"Cl\u00ednica de Salud Mental para Pacientes Externos | Centro Hispano de Asesoramiento","isPartOf":{"@id":"https:\/\/www.hispaniccounseling.org\/#website"},"datePublished":"2024-07-15T16:27:24+00:00","dateModified":"2025-09-11T11:41:25+00:00","description":"El Ambulatorio de Salud Mental de HCC ofrece servicios biling\u00fces y biculturales para personas con problemas psiqui\u00e1tricos y emocionales. M\u00e1s informaci\u00f3n.","breadcrumb":{"@id":"https:\/\/www.hispaniccounseling.org\/es\/como-ayudamos\/programa-ambulatorio-de-salud-mental\/#breadcrumb"},"inLanguage":"es","potentialAction":[{"@type":"ReadAction","target":["https:\/\/www.hispaniccounseling.org\/es\/como-ayudamos\/programa-ambulatorio-de-salud-mental\/"]}]},{"@type":"BreadcrumbList","@id":"https:\/\/www.hispaniccounseling.org\/es\/como-ayudamos\/programa-ambulatorio-de-salud-mental\/#breadcrumb","itemListElement":[{"@type":"ListItem","position":1,"name":"Inicio","item":"https:\/\/www.hispaniccounseling.org\/es\/centro-hispano-de-asesoramiento\/"},{"@type":"ListItem","position":2,"name":"C\u00f3mo ayudamos","item":"https:\/\/www.hispaniccounseling.org\/es\/como-ayudamos\/"},{"@type":"ListItem","position":3,"name":"Tratamiento ambulatorio de salud mental y servicios de rehabilitaci\u00f3n (MHOTRS)"}]},{"@type":"WebSite","@id":"https:\/\/www.hispaniccounseling.org\/#website","url":"https:\/\/www.hispaniccounseling.org\/","name":"Hispanic Counseling Center","description":"","potentialAction":[{"@type":"SearchAction","target":{"@type":"EntryPoint","urlTemplate":"https:\/\/www.hispaniccounseling.org\/?s={search_term_string}"},"query-input":{"@type":"PropertyValueSpecification","valueRequired":true,"valueName":"search_term_string"}}],"inLanguage":"es"}]}},"featured_image_src":null,"featured_image_src_square":null,"_links":{"self":[{"href":"https:\/\/www.hispaniccounseling.org\/es\/wp-json\/wp\/v2\/pages\/7451","targetHints":{"allow":["GET"]}}],"collection":[{"href":"https:\/\/www.hispaniccounseling.org\/es\/wp-json\/wp\/v2\/pages"}],"about":[{"href":"https:\/\/www.hispaniccounseling.org\/es\/wp-json\/wp\/v2\/types\/page"}],"author":[{"embeddable":true,"href":"https:\/\/www.hispaniccounseling.org\/es\/wp-json\/wp\/v2\/users\/2"}],"replies":[{"embeddable":true,"href":"https:\/\/www.hispaniccounseling.org\/es\/wp-json\/wp\/v2\/comments?post=7451"}],"version-history":[{"count":0,"href":"https:\/\/www.hispaniccounseling.org\/es\/wp-json\/wp\/v2\/pages\/7451\/revisions"}],"up":[{"embeddable":true,"href":"https:\/\/www.hispaniccounseling.org\/es\/wp-json\/wp\/v2\/pages\/7494"}],"wp:featuredmedia":[{"embeddable":true,"href":"https:\/\/www.hispaniccounseling.org\/es\/wp-json\/"}],"wp:attachment":[{"href":"https:\/\/www.hispaniccounseling.org\/es\/wp-json\/wp\/v2\/media?parent=7451"}],"curies":[{"name":"wp","href":"https:\/\/api.w.org\/{rel}","templated":true}]}}