{"id":7453,"date":"2024-07-12T14:00:46","date_gmt":"2024-07-12T18:00:46","guid":{"rendered":"https:\/\/www.hispaniccounseling.org\/empleo\/"},"modified":"2025-06-18T03:26:27","modified_gmt":"2025-06-18T07:26:27","slug":"empleo","status":"publish","type":"page","link":"https:\/\/www.hispaniccounseling.org\/es\/empleo\/","title":{"rendered":"Empleo"},"content":{"rendered":"<div class=\"wpb-content-wrapper\"><p>[vc_row full_width=\u00bbstretch_row\u00bb el_class=\u00bbpage-title\u00bb][vc_column][vc_column_text css=\u00bb\u00bb]<\/p>\n<h1 style=\"text-align: center;\">Empleo<\/h1>\n<p>[\/vc_column_text][\/vc_column][\/vc_row][vc_row css=\u00bb.vc_custom_1749660430988{padding-top: 6rem !important;padding-bottom: 2rem !important;}\u00bb][vc_column][vc_basic_grid post_type=\u00bbjob_openings\u00bb max_items=\u00bb10&#8243; element_width=\u00bb12&#8243; orderby=\u00bbtitle\u00bb item=\u00bb108&#8243; css=\u00bb\u00bb grid_id=\u00bbvc_gid:1749660478735-65ae8a8e-5b1a-9&#8243;][\/vc_column][\/vc_row][vc_row css=\u00bb.vc_custom_1749660500589{padding-top: 1rem !important;padding-bottom: 6rem !important;}\u00bb][vc_column][vc_row_inner][vc_column_inner width=\u00bb1\/2&#8243;][vc_custom_heading text=\u00bbOportunidades de pr\u00e1cticas\u00bb use_theme_fonts=\u00bbyes\u00bb css_animation=\u00bbfadeIn\u00bb css=\u00bb\u00bb][vc_column_text css=\u00bb\u00bb]HCC ofrece una variedad de oportunidades de pr\u00e1cticas para estudiantes y profesionales emergentes que buscan experiencia pr\u00e1ctica en el campo. Los becarios adquieren valiosas habilidades mientras contribuyen a un trabajo significativo alineado con la misi\u00f3n del HCC. Las opciones de pr\u00e1cticas pueden incluir funciones cl\u00ednicas, administrativas, de extensi\u00f3n comunitaria y de desarrollo de programas.[\/vc_column_text][\/vc_column_inner][vc_column_inner width=\u00bb1\/2&#8243;][vc_column_text css=\u00bb\u00bb]<\/p>\n<h5>Actualmente ofrecemos puestos de pr\u00e1cticas en las siguientes \u00e1reas:<\/h5>\n<ul>\n<li>Salud Mental Cl\u00ednica (v\u00eda de Consejero Profesional Licenciado)<\/li>\n<li>Extensi\u00f3n comunitaria y educaci\u00f3n<\/li>\n<li>Apoyo administrativo y desarrollo de programas<\/li>\n<li>Respuesta a las crisis y apoyo telef\u00f3nico directo<\/li>\n<\/ul>\n<p>[\/vc_column_text][\/vc_column_inner][\/vc_row_inner][vc_column_text css=\u00bb.vc_custom_1748019736866{padding-top: 22px !important;padding-right: 22px !important;padding-bottom: 22px !important;padding-left: 22px !important;background-color: rgba(255,255,255,0.62) !important;*background-color: rgb(255,255,255) !important;border-radius: 5px !important;}\u00bb]Los becarios reciben supervisi\u00f3n y desarrollo profesional mientras apoyan la misi\u00f3n de la organizaci\u00f3n. La disponibilidad de plazas puede variar seg\u00fan el semestre. <\/p>\n<p>Las pr\u00e1cticas se actualizan regularmente; <a href=\"https:\/\/www.hispaniccounseling.org\/es\/ponte-en-contacto-con\/\">ponte en contacto con HCC para obtener m\u00e1s informaci\u00f3n<\/a>.[\/vc_column_text][\/vc_column][\/vc_row]<\/p>\n<\/div>","protected":false},"excerpt":{"rendered":"<p>[vc_row full_width=\u00bbstretch_row\u00bb el_class=\u00bbpage-title\u00bb][vc_column][vc_column_text css=\u00bb\u00bb] Empleo [\/vc_column_text][\/vc_column][\/vc_row][vc_row css=\u00bb.vc_custom_1749660430988{padding-top: 6rem !important;padding-bottom: 2rem !important;}\u00bb][vc_column][vc_basic_grid post_type=\u00bbjob_openings\u00bb max_items=\u00bb10&#8243; element_width=\u00bb12&#8243; orderby=\u00bbtitle\u00bb item=\u00bb108&#8243; css=\u00bb\u00bb grid_id=\u00bbvc_gid:1749660478735-65ae8a8e-5b1a-9&#8243;][\/vc_column][\/vc_row][vc_row css=\u00bb.vc_custom_1749660500589{padding-top: 1rem !important;padding-bottom: 6rem !important;}\u00bb][vc_column][vc_row_inner][vc_column_inner width=\u00bb1\/2&#8243;][vc_custom_heading text=\u00bbOportunidades de<span class=\"excerpt-hellip\"> [\u2026]<\/span><\/p>\n","protected":false},"author":2,"featured_media":0,"parent":0,"menu_order":0,"comment_status":"closed","ping_status":"closed","template":"","meta":{"footnotes":""},"class_list":["post-7453","page","type-page","status-publish","hentry"],"yoast_head":"<!-- This site is optimized with the Yoast SEO plugin v25.3 - https:\/\/yoast.com\/wordpress\/plugins\/seo\/ -->\n<title>Carreras profesionales | \u00danete al equipo del Centro Hispano de Asesoramiento<\/title>\n<meta name=\"description\" content=\"El Centro Hispano de Asesoramiento tiene una variedad de carreras para aquellos que quieran marcar la diferencia en la comunidad. \u00a1\u00danete a nuestro equipo!\" \/>\n<meta name=\"robots\" content=\"index, follow, max-snippet:-1, max-image-preview:large, max-video-preview:-1\" \/>\n<link rel=\"canonical\" href=\"https:\/\/www.hispaniccounseling.org\/es\/empleo\/\" \/>\n<meta property=\"og:locale\" content=\"es_ES\" \/>\n<meta property=\"og:type\" content=\"article\" \/>\n<meta property=\"og:title\" content=\"Carreras profesionales | \u00danete al equipo del Centro Hispano de Asesoramiento\" \/>\n<meta property=\"og:description\" content=\"El Centro Hispano de Asesoramiento tiene una variedad de carreras para aquellos que quieran marcar la diferencia en la comunidad. \u00a1\u00danete a nuestro equipo!\" \/>\n<meta property=\"og:url\" content=\"https:\/\/www.hispaniccounseling.org\/es\/empleo\/\" \/>\n<meta property=\"og:site_name\" content=\"Hispanic Counseling Center\" \/>\n<meta property=\"article:modified_time\" content=\"2025-06-18T07:26:27+00:00\" \/>\n<meta name=\"twitter:card\" content=\"summary_large_image\" \/>\n<meta name=\"twitter:label1\" content=\"Est. reading time\" \/>\n\t<meta name=\"twitter:data1\" content=\"2 minutos\" \/>\n<script type=\"application\/ld+json\" class=\"yoast-schema-graph\">{\"@context\":\"https:\/\/schema.org\",\"@graph\":[{\"@type\":\"WebPage\",\"@id\":\"https:\/\/www.hispaniccounseling.org\/es\/empleo\/\",\"url\":\"https:\/\/www.hispaniccounseling.org\/es\/empleo\/\",\"name\":\"Carreras profesionales | \u00danete al equipo del Centro Hispano de Asesoramiento\",\"isPartOf\":{\"@id\":\"https:\/\/www.hispaniccounseling.org\/#website\"},\"datePublished\":\"2024-07-12T18:00:46+00:00\",\"dateModified\":\"2025-06-18T07:26:27+00:00\",\"description\":\"El Centro Hispano de Asesoramiento tiene una variedad de carreras para aquellos que quieran marcar la diferencia en la comunidad. \u00a1\u00danete a nuestro equipo!\",\"breadcrumb\":{\"@id\":\"https:\/\/www.hispaniccounseling.org\/es\/empleo\/#breadcrumb\"},\"inLanguage\":\"es\",\"potentialAction\":[{\"@type\":\"ReadAction\",\"target\":[\"https:\/\/www.hispaniccounseling.org\/es\/empleo\/\"]}]},{\"@type\":\"BreadcrumbList\",\"@id\":\"https:\/\/www.hispaniccounseling.org\/es\/empleo\/#breadcrumb\",\"itemListElement\":[{\"@type\":\"ListItem\",\"position\":1,\"name\":\"Inicio\",\"item\":\"https:\/\/www.hispaniccounseling.org\/es\/centro-hispano-de-asesoramiento\/\"},{\"@type\":\"ListItem\",\"position\":2,\"name\":\"Empleo\"}]},{\"@type\":\"WebSite\",\"@id\":\"https:\/\/www.hispaniccounseling.org\/#website\",\"url\":\"https:\/\/www.hispaniccounseling.org\/\",\"name\":\"Hispanic Counseling Center\",\"description\":\"\",\"potentialAction\":[{\"@type\":\"SearchAction\",\"target\":{\"@type\":\"EntryPoint\",\"urlTemplate\":\"https:\/\/www.hispaniccounseling.org\/?s={search_term_string}\"},\"query-input\":{\"@type\":\"PropertyValueSpecification\",\"valueRequired\":true,\"valueName\":\"search_term_string\"}}],\"inLanguage\":\"es\"}]}<\/script>\n<!-- \/ Yoast SEO plugin. -->","yoast_head_json":{"title":"Carreras profesionales | \u00danete al equipo del Centro Hispano de Asesoramiento","description":"El Centro Hispano de Asesoramiento tiene una variedad de carreras para aquellos que quieran marcar la diferencia en la comunidad. \u00a1\u00danete a nuestro equipo!","robots":{"index":"index","follow":"follow","max-snippet":"max-snippet:-1","max-image-preview":"max-image-preview:large","max-video-preview":"max-video-preview:-1"},"canonical":"https:\/\/www.hispaniccounseling.org\/es\/empleo\/","og_locale":"es_ES","og_type":"article","og_title":"Carreras profesionales | \u00danete al equipo del Centro Hispano de Asesoramiento","og_description":"El Centro Hispano de Asesoramiento tiene una variedad de carreras para aquellos que quieran marcar la diferencia en la comunidad. \u00a1\u00danete a nuestro equipo!","og_url":"https:\/\/www.hispaniccounseling.org\/es\/empleo\/","og_site_name":"Hispanic Counseling Center","article_modified_time":"2025-06-18T07:26:27+00:00","twitter_card":"summary_large_image","twitter_misc":{"Est. reading time":"2 minutos"},"schema":{"@context":"https:\/\/schema.org","@graph":[{"@type":"WebPage","@id":"https:\/\/www.hispaniccounseling.org\/es\/empleo\/","url":"https:\/\/www.hispaniccounseling.org\/es\/empleo\/","name":"Carreras profesionales | \u00danete al equipo del Centro Hispano de Asesoramiento","isPartOf":{"@id":"https:\/\/www.hispaniccounseling.org\/#website"},"datePublished":"2024-07-12T18:00:46+00:00","dateModified":"2025-06-18T07:26:27+00:00","description":"El Centro Hispano de Asesoramiento tiene una variedad de carreras para aquellos que quieran marcar la diferencia en la comunidad. \u00a1\u00danete a nuestro equipo!","breadcrumb":{"@id":"https:\/\/www.hispaniccounseling.org\/es\/empleo\/#breadcrumb"},"inLanguage":"es","potentialAction":[{"@type":"ReadAction","target":["https:\/\/www.hispaniccounseling.org\/es\/empleo\/"]}]},{"@type":"BreadcrumbList","@id":"https:\/\/www.hispaniccounseling.org\/es\/empleo\/#breadcrumb","itemListElement":[{"@type":"ListItem","position":1,"name":"Inicio","item":"https:\/\/www.hispaniccounseling.org\/es\/centro-hispano-de-asesoramiento\/"},{"@type":"ListItem","position":2,"name":"Empleo"}]},{"@type":"WebSite","@id":"https:\/\/www.hispaniccounseling.org\/#website","url":"https:\/\/www.hispaniccounseling.org\/","name":"Hispanic Counseling Center","description":"","potentialAction":[{"@type":"SearchAction","target":{"@type":"EntryPoint","urlTemplate":"https:\/\/www.hispaniccounseling.org\/?s={search_term_string}"},"query-input":{"@type":"PropertyValueSpecification","valueRequired":true,"valueName":"search_term_string"}}],"inLanguage":"es"}]}},"featured_image_src":null,"featured_image_src_square":null,"_links":{"self":[{"href":"https:\/\/www.hispaniccounseling.org\/es\/wp-json\/wp\/v2\/pages\/7453","targetHints":{"allow":["GET"]}}],"collection":[{"href":"https:\/\/www.hispaniccounseling.org\/es\/wp-json\/wp\/v2\/pages"}],"about":[{"href":"https:\/\/www.hispaniccounseling.org\/es\/wp-json\/wp\/v2\/types\/page"}],"author":[{"embeddable":true,"href":"https:\/\/www.hispaniccounseling.org\/es\/wp-json\/wp\/v2\/users\/2"}],"replies":[{"embeddable":true,"href":"https:\/\/www.hispaniccounseling.org\/es\/wp-json\/wp\/v2\/comments?post=7453"}],"version-history":[{"count":0,"href":"https:\/\/www.hispaniccounseling.org\/es\/wp-json\/wp\/v2\/pages\/7453\/revisions"}],"wp:attachment":[{"href":"https:\/\/www.hispaniccounseling.org\/es\/wp-json\/wp\/v2\/media?parent=7453"}],"curies":[{"name":"wp","href":"https:\/\/api.w.org\/{rel}","templated":true}]}}